{"id":8573,"date":"2012-12-18T16:41:53","date_gmt":"2012-12-18T21:41:53","guid":{"rendered":"http:\/\/www.bicusa.org\/?page_id=8573"},"modified":"2016-11-03T14:28:16","modified_gmt":"2016-11-03T18:28:16","slug":"actualizaciones","status":"publish","type":"page","link":"http:\/\/archive.bankinformationcenter.org\/es\/latinoamerica\/actualizaciones\/","title":{"rendered":"Actualizaciones"},"content":{"rendered":"<p><span style=\"font-size: 13px; line-height: 19px;\"><div id=\"blog_612\"><article id=\"post-14822\" class=\"hentry entry entry_right entry_frame\"><div class=\"image_styled entry_image\" style=\"width:200px\"><div class=\"image_frame effect-none\" ><div class=\"image_shadow_wrap\"><a class=\"image_icon_doc\" href=\"http:\/\/archive.bankinformationcenter.org\/es\/un-mayor-protagonismo-para-la-proteccion-forestal-y-la-gestion-agraria-sostenible-en-aif-18\/\" title=\"\"><img loading=\"lazy\" decoding=\"async\" width=\"198\" height=\"198\" data-thumbnail=\"14774\" src=\"http:\/\/archive.bankinformationcenter.org\/wp-content\/uploads\/strikingr\/images\/14774_Cambodia8-e1476463280383-198x198.jpg\" alt=\"Un mayor protagonismo para la protecci\u00f3n forestal y la gesti\u00f3n agraria sostenible en AIF 18\" \/><\/a><\/div><\/div><\/div><div class=\"entry_info\"><h2 class=\"entry_title entry-title\"><a href=\"http:\/\/archive.bankinformationcenter.org\/es\/un-mayor-protagonismo-para-la-proteccion-forestal-y-la-gestion-agraria-sostenible-en-aif-18\/\" rel=\"bookmark\" title=\"Enlace permanente a Un mayor protagonismo para la protecci\u00f3n forestal y la gesti\u00f3n agraria sostenible en AIF 18\">Un mayor protagonismo para la protecci\u00f3n forestal y la gesti\u00f3n agraria sostenible en AIF 18<\/a><\/h2><\/div><div class=\"entry_content entry-content\"><div><p>El martes, ministros de finanzas de pa\u00edses de todo el mundo concluyeron la tercera negociaci\u00f3n para la 18a reposici\u00f3n de la Asociaci\u00f3n Internacional de Fomento (AIF), el fondo del Banco Mundial para los pa\u00edses m\u00e1s pobres del planeta. A pesar de que la AIF deber\u00eda enfocar sus inversiones en \u00e1reas y sectores que promueven el &#8230;<\/p>\n<\/div><div class=\"read_more_wrap\"><a class=\"read_more_link button small\" href=\"http:\/\/archive.bankinformationcenter.org\/es\/un-mayor-protagonismo-para-la-proteccion-forestal-y-la-gestion-agraria-sostenible-en-aif-18\/\" rel=\"nofollow\"><span>Read more \u00bb<\/span><\/a><\/div><\/div><\/article><article id=\"post-14821\" class=\"hentry entry entry_right entry_frame\"><div class=\"image_styled entry_image\" style=\"width:200px\"><div class=\"image_frame effect-none\" ><div class=\"image_shadow_wrap\"><a class=\"image_icon_doc\" href=\"http:\/\/archive.bankinformationcenter.org\/es\/el-banco-mundial-acaba-de-aprobar-una-nueva-politica-de-salvaguardas-que-significa-esto-para-los-bosques-y-los-pueblos-indigenas\/\" title=\"\"><img loading=\"lazy\" decoding=\"async\" width=\"198\" height=\"198\" data-thumbnail=\"14611\" src=\"http:\/\/archive.bankinformationcenter.org\/wp-content\/uploads\/strikingr\/images\/14611_Andrea-Borgarello-for-World-Bank-TerrAfrica-Togo2-198x198.jpg\" alt=\"El Banco Mundial acaba de aprobar una nueva pol\u00edtica de salvaguardas: \u00bfqu\u00e9 significa esto para los bosques y los pueblos ind\u00edgenas?\" \/><\/a><\/div><\/div><\/div><div class=\"entry_info\"><h2 class=\"entry_title entry-title\"><a href=\"http:\/\/archive.bankinformationcenter.org\/es\/el-banco-mundial-acaba-de-aprobar-una-nueva-politica-de-salvaguardas-que-significa-esto-para-los-bosques-y-los-pueblos-indigenas\/\" rel=\"bookmark\" title=\"Enlace permanente a El Banco Mundial acaba de aprobar una nueva pol\u00edtica de salvaguardas: \u00bfqu\u00e9 significa esto para los bosques y los pueblos ind\u00edgenas?\">El Banco Mundial acaba de aprobar una nueva pol\u00edtica de salvaguardas: \u00bfqu\u00e9 significa esto para los bosques y los pueblos ind\u00edgenas?<\/a><\/h2><\/div><div class=\"entry_content entry-content\"><div><p>El Banco Mundial introdujo sus primeras pol\u00edticas de salvaguardas hace m\u00e1s de treinta a\u00f1os como respuesta a la indignaci\u00f3n causada por los impactos perjudiciales de sus proyectos de desarrollo, incluyendo la destrucci\u00f3n masiva de los bosques y el desalojo de pueblos ind\u00edgenas. Las salvaguardas fueron dise\u00f1adas para asegurar que estos impactos ser\u00edan evaluados antes de &#8230;<\/p>\n<\/div><div class=\"read_more_wrap\"><a class=\"read_more_link button small\" href=\"http:\/\/archive.bankinformationcenter.org\/es\/el-banco-mundial-acaba-de-aprobar-una-nueva-politica-de-salvaguardas-que-significa-esto-para-los-bosques-y-los-pueblos-indigenas\/\" rel=\"nofollow\"><span>Read more \u00bb<\/span><\/a><\/div><\/div><\/article><article id=\"post-14820\" class=\"hentry entry entry_right entry_frame\"><div class=\"image_styled entry_image\" style=\"width:200px\"><div class=\"image_frame effect-none\" ><div class=\"image_shadow_wrap\"><a class=\"image_icon_doc\" href=\"http:\/\/archive.bankinformationcenter.org\/es\/el-nuevo-marco-ambiental-y-social-mas-flexible-del-banco-mundial-debe-priorizar-la-participacion-genuina-de-los-ciudadanos\/\" title=\"\"><img loading=\"lazy\" decoding=\"async\" width=\"198\" height=\"198\" data-thumbnail=\"14454\" src=\"http:\/\/archive.bankinformationcenter.org\/wp-content\/uploads\/strikingr\/images\/14454_IMG_4441-198x198.jpg\" alt=\"El nuevo marco ambiental y social m\u00e1s flexible del Banco Mundial debe priorizar la participaci\u00f3n genuina de los ciudadanos\" \/><\/a><\/div><\/div><\/div><div class=\"entry_info\"><h2 class=\"entry_title entry-title\"><a href=\"http:\/\/archive.bankinformationcenter.org\/es\/el-nuevo-marco-ambiental-y-social-mas-flexible-del-banco-mundial-debe-priorizar-la-participacion-genuina-de-los-ciudadanos\/\" rel=\"bookmark\" title=\"Enlace permanente a El nuevo marco ambiental y social m\u00e1s flexible del Banco Mundial debe priorizar la participaci\u00f3n genuina de los ciudadanos\">El nuevo marco ambiental y social m\u00e1s flexible del Banco Mundial debe priorizar la participaci\u00f3n genuina de los ciudadanos<\/a><\/h2><\/div><div class=\"entry_content entry-content\"><div><p>Hace m\u00e1s de veinte a\u00f1os, en respuesta a los efectos desastrosos de sus proyectos de desarrollo, el Grupo del Banco Mundial instituy\u00f3 la primera de ocho pol\u00edticas de salvaguardas, dise\u00f1adas para \u201cprevenir o mitigar los impactos adversos de sus proyectos sobre los pueblos y el medio ambiente\u201d. Estas salvaguardas formaron la base del enfoque al &#8230;<\/p>\n<\/div><div class=\"read_more_wrap\"><a class=\"read_more_link button small\" href=\"http:\/\/archive.bankinformationcenter.org\/es\/el-nuevo-marco-ambiental-y-social-mas-flexible-del-banco-mundial-debe-priorizar-la-participacion-genuina-de-los-ciudadanos\/\" rel=\"nofollow\"><span>Read more \u00bb<\/span><\/a><\/div><\/div><\/article><article id=\"post-14819\" class=\"hentry entry entry_right entry_frame\"><div class=\"image_styled entry_image\" style=\"width:200px\"><div class=\"image_frame effect-none\" ><div class=\"image_shadow_wrap\"><a class=\"image_icon_doc\" href=\"http:\/\/archive.bankinformationcenter.org\/es\/senadores-de-ee-uu-instan-al-tesoro-a-evitar-el-relajamiento-de-las-politicas-de-salvaguardas-del-banco-mundial\/\" title=\"\"><img loading=\"lazy\" decoding=\"async\" width=\"198\" height=\"198\" data-thumbnail=\"14288\" src=\"http:\/\/archive.bankinformationcenter.org\/wp-content\/uploads\/strikingr\/images\/14288_us-capitol-1273914_1280-198x198.jpg\" alt=\"Senadores de EE.UU. instan al Tesoro a evitar el relajamiento de las pol\u00edticas de salvaguardas del Banco Mundial\" \/><\/a><\/div><\/div><\/div><div class=\"entry_info\"><h2 class=\"entry_title entry-title\"><a href=\"http:\/\/archive.bankinformationcenter.org\/es\/senadores-de-ee-uu-instan-al-tesoro-a-evitar-el-relajamiento-de-las-politicas-de-salvaguardas-del-banco-mundial\/\" rel=\"bookmark\" title=\"Enlace permanente a Senadores de EE.UU. instan al Tesoro a evitar el relajamiento de las pol\u00edticas de salvaguardas del Banco Mundial\">Senadores de EE.UU. instan al Tesoro a evitar el relajamiento de las pol\u00edticas de salvaguardas del Banco Mundial<\/a><\/h2><\/div><div class=\"entry_content entry-content\"><div><p>Miembros del Comit\u00e9 de Relaciones Exteriores del Senado de Estados Unidos han publicado una carta, dirigida al Secretario del Tesoro Jacob Lew, pidiendo que el Departamento tome la iniciativa en oponerse a las propuestas atenuaciones a las salvaguardas ambientales y sociales del Banco Mundial. El Banco se encuentra en las \u00faltimas fases para la formulaci\u00f3n &#8230;<\/p>\n<\/div><div class=\"read_more_wrap\"><a class=\"read_more_link button small\" href=\"http:\/\/archive.bankinformationcenter.org\/es\/senadores-de-ee-uu-instan-al-tesoro-a-evitar-el-relajamiento-de-las-politicas-de-salvaguardas-del-banco-mundial\/\" rel=\"nofollow\"><span>Read more \u00bb<\/span><\/a><\/div><\/div><\/article><article id=\"post-14817\" class=\"hentry entry entry_right entry_frame\"><div class=\"image_styled entry_image\" style=\"width:200px\"><div class=\"image_frame effect-none\" ><div class=\"image_shadow_wrap\"><a class=\"image_icon_doc\" href=\"http:\/\/archive.bankinformationcenter.org\/es\/69-organizaciones-internacionales-piden-transparencia-en-la-revision-de-las-politicas-ambientales-y-sociales-del-banco-mundial\/\" title=\"\"><img loading=\"lazy\" decoding=\"async\" width=\"198\" height=\"198\" data-thumbnail=\"14279\" src=\"http:\/\/archive.bankinformationcenter.org\/wp-content\/uploads\/strikingr\/images\/14279_IMG_1747-e1464297446424-198x198.jpg\" alt=\"69 organizaciones internacionales piden transparencia en la revisi\u00f3n de las pol\u00edticas ambientales y sociales del Banco Mundial\" \/><\/a><\/div><\/div><\/div><div class=\"entry_info\"><h2 class=\"entry_title entry-title\"><a href=\"http:\/\/archive.bankinformationcenter.org\/es\/69-organizaciones-internacionales-piden-transparencia-en-la-revision-de-las-politicas-ambientales-y-sociales-del-banco-mundial\/\" rel=\"bookmark\" title=\"Enlace permanente a 69 organizaciones internacionales piden transparencia en la revisi\u00f3n de las pol\u00edticas ambientales y sociales del Banco Mundial\">69 organizaciones internacionales piden transparencia en la revisi\u00f3n de las pol\u00edticas ambientales y sociales del Banco Mundial<\/a><\/h2><\/div><div class=\"entry_content entry-content\"><div><p>Carta conjunta pide que el Banco Mundial haga p\u00fablico el borrador final de sus pol\u00edticas de salvaguardas Hoy, 69 organizaciones de la sociedad civil, provenientes de 26 pa\u00edses diferentes, pidieron a la administraci\u00f3n del Banco Mundial que mantenga la transparencia durante la revisi\u00f3n de sus pol\u00edticas sociales y ambientales. Las pol\u00edticas de salvaguardas sociales y &#8230;<\/p>\n<\/div><div class=\"read_more_wrap\"><a class=\"read_more_link button small\" href=\"http:\/\/archive.bankinformationcenter.org\/es\/69-organizaciones-internacionales-piden-transparencia-en-la-revision-de-las-politicas-ambientales-y-sociales-del-banco-mundial\/\" rel=\"nofollow\"><span>Read more \u00bb<\/span><\/a><\/div><\/div><\/article><article id=\"post-14814\" class=\"hentry entry entry_right entry_frame\"><div class=\"image_styled entry_image\" style=\"width:200px\"><div class=\"image_frame effect-none\" ><div class=\"image_shadow_wrap\"><a class=\"image_icon_doc\" href=\"http:\/\/archive.bankinformationcenter.org\/es\/los-bosques-adoptan-un-rol-central-durante-las-reuniones-de-primavera-del-banco-mundial-2016\/\" title=\"\"><img loading=\"lazy\" decoding=\"async\" width=\"198\" height=\"198\" data-thumbnail=\"14321\" src=\"http:\/\/archive.bankinformationcenter.org\/wp-content\/uploads\/strikingr\/images\/14321_DSC01695-198x198.jpg\" alt=\"Los bosques adoptan un rol central durante las reuniones de primavera del Banco Mundial 2016\" \/><\/a><\/div><\/div><\/div><div class=\"entry_info\"><h2 class=\"entry_title entry-title\"><a href=\"http:\/\/archive.bankinformationcenter.org\/es\/los-bosques-adoptan-un-rol-central-durante-las-reuniones-de-primavera-del-banco-mundial-2016\/\" rel=\"bookmark\" title=\"Enlace permanente a Los bosques adoptan un rol central durante las reuniones de primavera del Banco Mundial 2016\">Los bosques adoptan un rol central durante las reuniones de primavera del Banco Mundial 2016<\/a><\/h2><\/div><div class=\"entry_content entry-content\"><div><p>En los \u00faltimos meses, se ha utilizado en numerosas ocasiones el t\u00e9rmino \u201cpunto de inflexi\u00f3n\u201d para describir la situaci\u00f3n actual en el cambio clim\u00e1tico y la pol\u00edtica. En todo el mundo, la sociedad ha sido llamada a la acci\u00f3n ante el temor de llegar a un punto de inflexi\u00f3n: un momento de cambio repentino e &#8230;<\/p>\n<\/div><div class=\"read_more_wrap\"><a class=\"read_more_link button small\" href=\"http:\/\/archive.bankinformationcenter.org\/es\/los-bosques-adoptan-un-rol-central-durante-las-reuniones-de-primavera-del-banco-mundial-2016\/\" rel=\"nofollow\"><span>Read more \u00bb<\/span><\/a><\/div><\/div><\/article><article id=\"post-13898\" class=\"hentry entry entry_right entry_frame\"><div class=\"image_styled entry_image\" style=\"width:200px\"><div class=\"image_frame effect-none\" ><div class=\"image_shadow_wrap\"><a class=\"image_icon_doc\" href=\"http:\/\/archive.bankinformationcenter.org\/es\/video-lgbti-y-diversidades-sexuales-ancestrales-indigenas\/\" title=\"\"><img loading=\"lazy\" decoding=\"async\" width=\"198\" height=\"198\" data-thumbnail=\"13899\" src=\"http:\/\/archive.bankinformationcenter.org\/wp-content\/uploads\/strikingr\/images\/13899_sogie-video-198x198.png\" alt=\"Video: LGBTI y Diversidades Sexuales Ancestrales Ind\u00edgenas\" \/><\/a><\/div><\/div><\/div><div class=\"entry_info\"><h2 class=\"entry_title entry-title\"><a href=\"http:\/\/archive.bankinformationcenter.org\/es\/video-lgbti-y-diversidades-sexuales-ancestrales-indigenas\/\" rel=\"bookmark\" title=\"Enlace permanente a Video: LGBTI y Diversidades Sexuales Ancestrales Ind\u00edgenas\">Video: LGBTI y Diversidades Sexuales Ancestrales Ind\u00edgenas<\/a><\/h2><\/div><div class=\"entry_content entry-content\"><div><p>El Banco Mundial y Fondo Monetario Internacional, al llevar adelante en 2015 sus Reuniones Anuales, debe comprender la importancia que tiene para el desarrollo, la protecci\u00f3n de derechos de sectores en situaci\u00f3n de vulnerabilidad, adonde est\u00e1 la poblaci\u00f3n LGBTI y\/o y\/o Diversidades Sexuales Ancestrales Ind\u00edgenas. Los Estados que se benefician con pr\u00e9stamos de inversi\u00f3n del &#8230;<\/p>\n<\/div><div class=\"read_more_wrap\"><a class=\"read_more_link button small\" href=\"http:\/\/archive.bankinformationcenter.org\/es\/video-lgbti-y-diversidades-sexuales-ancestrales-indigenas\/\" rel=\"nofollow\"><span>Read more \u00bb<\/span><\/a><\/div><\/div><\/article><article id=\"post-13890\" class=\"hentry entry entry_right entry_frame\"><div class=\"image_styled entry_image\" style=\"width:200px\"><div class=\"image_frame effect-none\" ><div class=\"image_shadow_wrap\"><a class=\"image_icon_doc\" href=\"http:\/\/archive.bankinformationcenter.org\/es\/asesinato-de-berta-caceres-activista-ambiental-y-lider-del-copinh\/\" title=\"\"><img loading=\"lazy\" decoding=\"async\" width=\"198\" height=\"198\" data-thumbnail=\"13992\" src=\"http:\/\/archive.bankinformationcenter.org\/wp-content\/uploads\/strikingr\/images\/13992_2015_BertaCaceres_04-1-e1458746411961-198x198.jpg\" alt=\"Asesinato de Berta C\u00e1ceres, activista ambiental y l\u00edder del COPINH\" \/><\/a><\/div><\/div><\/div><div class=\"entry_info\"><h2 class=\"entry_title entry-title\"><a href=\"http:\/\/archive.bankinformationcenter.org\/es\/asesinato-de-berta-caceres-activista-ambiental-y-lider-del-copinh\/\" rel=\"bookmark\" title=\"Enlace permanente a Asesinato de Berta C\u00e1ceres, activista ambiental y l\u00edder del COPINH\">Asesinato de Berta C\u00e1ceres, activista ambiental y l\u00edder del COPINH<\/a><\/h2><\/div><div class=\"entry_content entry-content\"><div><p>Organizaciones internacionales alrededor del mundo han respondido con horror y gran tristeza al asesinato de Berta C\u00e1ceres, activista ambiental y l\u00edder del COPINH, el Consejo Civico de Organizaciones Populares e Ind\u00edgenas de Honduras. &nbsp; Junto con 50+ organizaciones internacionales, BIC ha firmado una carta abierta al Gobierno de Honduras (English | Ingles)\u00a0 instando justicia para &#8230;<\/p>\n<\/div><div class=\"read_more_wrap\"><a class=\"read_more_link button small\" href=\"http:\/\/archive.bankinformationcenter.org\/es\/asesinato-de-berta-caceres-activista-ambiental-y-lider-del-copinh\/\" rel=\"nofollow\"><span>Read more \u00bb<\/span><\/a><\/div><\/div><\/article><article id=\"post-13760\" class=\"hentry entry entry_right entry_frame\"><div class=\"image_styled entry_image\" style=\"width:200px\"><div class=\"image_frame effect-none\" ><div class=\"image_shadow_wrap\"><a class=\"image_icon_doc\" href=\"http:\/\/archive.bankinformationcenter.org\/es\/13760\/\" title=\"\"><img loading=\"lazy\" decoding=\"async\" width=\"198\" height=\"198\" data-thumbnail=\"13565\" src=\"http:\/\/archive.bankinformationcenter.org\/wp-content\/uploads\/strikingr\/images\/13565_10602-IMG_09231-e1471624550684-198x198.jpg\" alt=\"Deforestaci\u00f3n Cero y el Banco Mundial: La conservaci\u00f3n de los bosques es esencial\" \/><\/a><\/div><\/div><\/div><div class=\"entry_info\"><h2 class=\"entry_title entry-title\"><a href=\"http:\/\/archive.bankinformationcenter.org\/es\/13760\/\" rel=\"bookmark\" title=\"Enlace permanente a Deforestaci\u00f3n Cero y el Banco Mundial: La conservaci\u00f3n de los bosques es esencial\">Deforestaci\u00f3n Cero y el Banco Mundial: La conservaci\u00f3n de los bosques es esencial<\/a><\/h2><\/div><div class=\"entry_content entry-content\"><div><p>El presidente del Banco Mundial urgido a comprometerse con declaraci\u00f3n de Deforestaci\u00f3n Cero, habla sobre la deforestaci\u00f3n en la COP21 en Par\u00eds La conservaci\u00f3n de los bosques es una de las soluciones m\u00e1s importantes de la mitigaci\u00f3n del cambio clim\u00e1tico, y es esencial para hacer frente a los dos objetivos del Banco Mundial de la &#8230;<\/p>\n<\/div><div class=\"read_more_wrap\"><a class=\"read_more_link button small\" href=\"http:\/\/archive.bankinformationcenter.org\/es\/13760\/\" rel=\"nofollow\"><span>Read more \u00bb<\/span><\/a><\/div><\/div><\/article><article id=\"post-13488\" class=\"hentry entry entry_right entry_frame\"><div class=\"image_styled entry_image\" style=\"width:200px\"><div class=\"image_frame effect-none\" ><div class=\"image_shadow_wrap\"><a class=\"image_icon_doc\" href=\"http:\/\/archive.bankinformationcenter.org\/es\/la-campana-cero-deforestacion\/\" title=\"\"><img loading=\"lazy\" decoding=\"async\" width=\"198\" height=\"198\" data-thumbnail=\"13391\" src=\"http:\/\/archive.bankinformationcenter.org\/wp-content\/uploads\/strikingr\/images\/13391_IMG_1495-198x198.jpg\" alt=\"LA CAMPA\u00d1A CERO DEFORESTACION\" \/><\/a><\/div><\/div><\/div><div class=\"entry_info\"><h2 class=\"entry_title entry-title\"><a href=\"http:\/\/archive.bankinformationcenter.org\/es\/la-campana-cero-deforestacion\/\" rel=\"bookmark\" title=\"Enlace permanente a LA CAMPA\u00d1A CERO DEFORESTACION\">LA CAMPA\u00d1A CERO DEFORESTACION<\/a><\/h2><\/div><div class=\"entry_content entry-content\"><div><p>La conservaci\u00f3n de bosques es esencial para lograr a los dos objetivos principales del Banco Mundial: eliminar la pobreza extrema y promover la prosperidad compartida. Un alto porcentaje de la gente pobre obtiene su comida, medicina, materiales de construcci\u00f3n, y le\u00f1a directamente de los bosques; y dependen de los servicios de dichos ecosistemas para la &#8230;<\/p>\n<\/div><div class=\"read_more_wrap\"><a class=\"read_more_link button small\" href=\"http:\/\/archive.bankinformationcenter.org\/es\/la-campana-cero-deforestacion\/\" rel=\"nofollow\"><span>Read more \u00bb<\/span><\/a><\/div><\/div><\/article><\/div><\/span><\/p>\n","protected":false},"excerpt":{"rendered":"","protected":false},"author":53,"featured_media":0,"parent":2022,"menu_order":2,"comment_status":"open","ping_status":"open","template":"template_leftsidebar.php","meta":{"footnotes":""},"class_list":["post-8573","page","type-page","status-publish","hentry"],"_links":{"self":[{"href":"http:\/\/archive.bankinformationcenter.org\/es\/wp-json\/wp\/v2\/pages\/8573","targetHints":{"allow":["GET"]}}],"collection":[{"href":"http:\/\/archive.bankinformationcenter.org\/es\/wp-json\/wp\/v2\/pages"}],"about":[{"href":"http:\/\/archive.bankinformationcenter.org\/es\/wp-json\/wp\/v2\/types\/page"}],"author":[{"embeddable":true,"href":"http:\/\/archive.bankinformationcenter.org\/es\/wp-json\/wp\/v2\/users\/53"}],"replies":[{"embeddable":true,"href":"http:\/\/archive.bankinformationcenter.org\/es\/wp-json\/wp\/v2\/comments?post=8573"}],"version-history":[{"count":0,"href":"http:\/\/archive.bankinformationcenter.org\/es\/wp-json\/wp\/v2\/pages\/8573\/revisions"}],"up":[{"embeddable":true,"href":"http:\/\/archive.bankinformationcenter.org\/es\/wp-json\/wp\/v2\/pages\/2022"}],"wp:attachment":[{"href":"http:\/\/archive.bankinformationcenter.org\/es\/wp-json\/wp\/v2\/media?parent=8573"}],"curies":[{"name":"wp","href":"https:\/\/api.w.org\/{rel}","templated":true}]}}