{"id":8418,"date":"2013-04-30T11:23:42","date_gmt":"2013-04-30T15:23:42","guid":{"rendered":"http:\/\/www.bicusa.org\/?page_id=8418"},"modified":"2015-12-21T15:34:53","modified_gmt":"2015-12-21T20:34:53","slug":"reasentamiento","status":"publish","type":"page","link":"http:\/\/archive.bankinformationcenter.org\/es\/nuestro-trabajo\/salvaguardas\/reasentamiento\/","title":{"rendered":"Reasentamiento involuntario"},"content":{"rendered":"<p style=\"text-align: justify;\"><a href=\"http:\/\/www.bankinformationcenter.org\/wp-content\/uploads\/2015\/08\/Tata-4-1024x512.jpg\"><img loading=\"lazy\" decoding=\"async\" class=\"alignleft wp-image-12955 \" src=\"http:\/\/www.bankinformationcenter.org\/wp-content\/uploads\/2015\/08\/Tata-4-1024x512-300x300.jpg\" alt=\"Tata-4-1024x512\" width=\"193\" height=\"193\" srcset=\"http:\/\/archive.bankinformationcenter.org\/wp-content\/uploads\/2015\/08\/Tata-4-1024x512-300x300.jpg 300w, http:\/\/archive.bankinformationcenter.org\/wp-content\/uploads\/2015\/08\/Tata-4-1024x512-150x150.jpg 150w, http:\/\/archive.bankinformationcenter.org\/wp-content\/uploads\/2015\/08\/Tata-4-1024x512.jpg 493w\" sizes=\"auto, (max-width: 193px) 100vw, 193px\" \/><\/a><strong>Todos tenemos derecho a una vivienda digna, la que incluye la protecci\u00f3n contra el desahucio.<\/strong><\/p>\n<p style=\"text-align: justify;\">Este derecho es reconocido por la <a href=\"http:\/\/www.un.org\/es\/documents\/udhr\/\" target=\"_blank\">Declaraci\u00f3n Universal de los Derechos Humanos<\/a>. Sin embargo, cada a\u00f1o aproximadamente 15 millones de personas son desalojadas por la fuerza de sus hogares, comunidades y tierras para realizar proyectos de desarrollo, como las minas, los oleoductos y los gasoductos, las carreteras, las mega-represas y los puertos. Los impactos indirectos de estos proyectos, los que incluyen la especulaci\u00f3n inmobiliaria, cambios en el uso de la tierra y la contaminaci\u00f3n del medio ambiente, ampl\u00edan a\u00fan m\u00e1s el n\u00famero de desplazados.<\/p>\n<p style=\"text-align: justify;\">Aunque el reasentamiento<b> <\/b>puede ser necesario en circunstancias excepcionales, la adquisici\u00f3n de tierra y los desahucios forzosos provocados por el desarrollo suceden en gran parte de una manera que no respeta los derechos humanos y que provoca un mayor empobrecimiento de los afectados. Por ejemplo, entre 2003 y 2005, un proyecto de transporte urbano financiado por el Banco Mundial en Mumbai desplaz\u00f3 m\u00e1s de 100.000 personas, quienes fueron reubicadas a lugares que carec\u00edan de acceso a agua, alcantarillado y otras necesidades b\u00e1sicas.<\/p>\n<p style=\"text-align: justify;\">El reasentamiento suele traer consigo corrupci\u00f3n atroz y el uso o la amenaza de violencia para forzarles a abandonar sus casas. Las personas impactadas por el reasentamiento<b> <\/b>enfrentan muchos riesgos espec\u00edficos y bien documentados como: el estar sin hogar; la p\u00e9rdida de medios de subsistencia; la inseguridad alimentaria; el trauma psicol\u00f3gico; las repercusiones negativas en la salud, especialmente entre las mujeres y los ni\u00f1os; la marginalizaci\u00f3n econ\u00f3mica y cultural; y la desintegraci\u00f3n social.<\/p>\n<p style=\"text-align: justify;\"><div class=\"divider_line\"><\/div>\n<h4><strong>Contactos en BIC<\/strong><\/h4>\n<h4>Christian Velasquez-Donaldson<\/h4>\n<h5>Gerente, Programa Latinoam\u00e9rica<\/h5>\n<span class=\"icon_text icon_phone\">+1 (202) 624-0627<\/span> <br \/>\n<a class=\"icon_text icon_email\" href=\"mailto:cdonaldson*bicusa.org\">cdonaldson*bicusa.org<\/a>\n","protected":false},"excerpt":{"rendered":"<p>Todos tenemos derecho a una vivienda digna, la que incluye la protecci\u00f3n contra el desahucio. Este derecho es reconocido por la Declaraci\u00f3n Universal de los Derechos Humanos. Sin embargo, cada a\u00f1o aproximadamente 15 millones de personas son desalojadas por la fuerza de sus hogares, comunidades y tierras para realizar proyectos de desarrollo, como las minas, &#8230;<\/p>\n","protected":false},"author":53,"featured_media":0,"parent":8318,"menu_order":8,"comment_status":"closed","ping_status":"closed","template":"","meta":{"footnotes":""},"class_list":["post-8418","page","type-page","status-publish","hentry"],"_links":{"self":[{"href":"http:\/\/archive.bankinformationcenter.org\/es\/wp-json\/wp\/v2\/pages\/8418","targetHints":{"allow":["GET"]}}],"collection":[{"href":"http:\/\/archive.bankinformationcenter.org\/es\/wp-json\/wp\/v2\/pages"}],"about":[{"href":"http:\/\/archive.bankinformationcenter.org\/es\/wp-json\/wp\/v2\/types\/page"}],"author":[{"embeddable":true,"href":"http:\/\/archive.bankinformationcenter.org\/es\/wp-json\/wp\/v2\/users\/53"}],"replies":[{"embeddable":true,"href":"http:\/\/archive.bankinformationcenter.org\/es\/wp-json\/wp\/v2\/comments?post=8418"}],"version-history":[{"count":0,"href":"http:\/\/archive.bankinformationcenter.org\/es\/wp-json\/wp\/v2\/pages\/8418\/revisions"}],"up":[{"embeddable":true,"href":"http:\/\/archive.bankinformationcenter.org\/es\/wp-json\/wp\/v2\/pages\/8318"}],"wp:attachment":[{"href":"http:\/\/archive.bankinformationcenter.org\/es\/wp-json\/wp\/v2\/media?parent=8418"}],"curies":[{"name":"wp","href":"https:\/\/api.w.org\/{rel}","templated":true}]}}