{"id":8390,"date":"2013-04-30T11:23:44","date_gmt":"2013-04-30T15:23:44","guid":{"rendered":"http:\/\/www.bicusa.org\/?page_id=8390"},"modified":"2015-12-21T15:35:21","modified_gmt":"2015-12-21T20:35:21","slug":"cambio-climatico","status":"publish","type":"page","link":"http:\/\/archive.bankinformationcenter.org\/es\/nuestro-trabajo\/salvaguardas\/cambio-climatico\/","title":{"rendered":"Cambio Clim\u00e1tico"},"content":{"rendered":"<div class=\"three_fifth\"><h4>La importancia de una nueva pol\u00edtica de salvaguarda de\u00a0Cambio Clim\u00e1tico<\/h4>\n<p style=\"text-align: justify;\">Es muy importante que el Banco adopta mejores pr\u00e1cticas para promover el desarrollo sostenible considerando cambio clim\u00e1tico como una variable transversal a sus pol\u00edticas operativas. Como un principio rector, el Banco deber\u00eda reconocer que <strong>las metas de sensibilidad y resistencia al cambio clim\u00e1tico no necesariamente\u00a0 est\u00e1n en desacuerdo con su mandato de aliviar pobreza<\/strong> sino por el contrario existen sinergias fuertes que se alinean dentro de una gesti\u00f3n ambiental responsable. Para materializar estas oportunidades, el proceso de revisi\u00f3n de las salvaguardas brinda una oportunidad \u00fanica para abordar todos las aspiraciones del Banco relacionados con cambio clim\u00e1tico<strong> mediante el desarrollo de una nueva pol\u00edtica de salvaguarda de cambio clim\u00e1tico<\/strong> que incorpora mejores pr\u00e1cticas para la selecci\u00f3n de proyectos, evaluaci\u00f3n inicial de proyectos, y evaluaci\u00f3n de alternativas que tomen en cuenta plenamente los costos y riesgos de cambio clim\u00e1tico, mientras que simult\u00e1neamente fortalezcan las metas de mitigaci\u00f3n y adaptaci\u00f3n al mismo tiempo.<\/p>\n<p> <a class=\"icon_text icon_globe\" href=\"http:\/\/www.bicusa.org\/wp-content\/uploads\/2014\/07\/Climate-Change-Safeguard-Model-Policy-for-the-World-Bank-Spanish.pdf\" target=\"_blank\"> Propuesta Modelo: Pol\u00edtica de Salvaguardias para la Valoraci\u00f3n del Cambio Clim\u00e1tico (VCC) <\/a> <\/p>\n<p style=\"text-align: justify;\"><\/div>\n<p style=\"text-align: left;\">\u00a0<div class=\"two_fifth last\"><div style=\"width: 222px\" class=\"wp-caption aligncenter\"><img loading=\"lazy\" decoding=\"async\" class=\"    \" alt=\"F\u00e1bricas en Estonia. Foto: Curt Carnemark\/Banco Mundial.\" src=\"http:\/\/www.bicusa.org\/wp-content\/uploads\/2013\/08\/Flickr_Curt-Carnemark.World-Bank_2007252916_e87966bc77_o.jpg\" width=\"212\" height=\"141\" \/><p class=\"wp-caption-text\">F\u00e1bricas en Estonia. Foto: Curt Carnemark\/Banco Mundial.<\/p><\/div><\/div><div class=\"clearboth\"><\/div>\n<div class=\"divider_line\"><\/div>\n<h4><strong>Contactos en BIC<\/strong><\/h4>\n<div class=\"one_half\"><h4>Nezir Sinani<\/h4>\n<h5>Coordinador, Programa de Cambio Clim\u00e1tico<\/h5>\n<span class=\"icon_text icon_phone\">+1 (202) 737-7752<\/span> <br \/>\n<a class=\"icon_text icon_email\" href=\"mailto:nsinani*bicusa.org\">nsinani*bicusa.org<\/a><\/div>\n<div class=\"one_half last\"><h4>Christian Velasquez-Donaldson<\/h4>\n<h5>Gerente, Programa Latinoam\u00e9rica<\/h5>\n<span class=\"icon_text icon_phone\">+1 (202) 624-0627<\/span> <br \/>\n<a class=\"icon_text icon_email\" href=\"mailto:cdonaldson*bicusa.org\">cdonaldson*bicusa.org<\/a><\/div><div class=\"clearboth\"><\/div>\n","protected":false},"excerpt":{"rendered":"<p>\u00a0 Contactos en BIC<\/p>\n","protected":false},"author":53,"featured_media":0,"parent":8318,"menu_order":6,"comment_status":"closed","ping_status":"closed","template":"","meta":{"footnotes":""},"class_list":["post-8390","page","type-page","status-publish","hentry"],"_links":{"self":[{"href":"http:\/\/archive.bankinformationcenter.org\/es\/wp-json\/wp\/v2\/pages\/8390","targetHints":{"allow":["GET"]}}],"collection":[{"href":"http:\/\/archive.bankinformationcenter.org\/es\/wp-json\/wp\/v2\/pages"}],"about":[{"href":"http:\/\/archive.bankinformationcenter.org\/es\/wp-json\/wp\/v2\/types\/page"}],"author":[{"embeddable":true,"href":"http:\/\/archive.bankinformationcenter.org\/es\/wp-json\/wp\/v2\/users\/53"}],"replies":[{"embeddable":true,"href":"http:\/\/archive.bankinformationcenter.org\/es\/wp-json\/wp\/v2\/comments?post=8390"}],"version-history":[{"count":0,"href":"http:\/\/archive.bankinformationcenter.org\/es\/wp-json\/wp\/v2\/pages\/8390\/revisions"}],"up":[{"embeddable":true,"href":"http:\/\/archive.bankinformationcenter.org\/es\/wp-json\/wp\/v2\/pages\/8318"}],"wp:attachment":[{"href":"http:\/\/archive.bankinformationcenter.org\/es\/wp-json\/wp\/v2\/media?parent=8390"}],"curies":[{"name":"wp","href":"https:\/\/api.w.org\/{rel}","templated":true}]}}