{"id":2774,"date":"2012-11-07T00:26:25","date_gmt":"2012-11-07T05:26:25","guid":{"rendered":"http:\/\/www.bicusa.org\/?page_id=2774"},"modified":"2015-12-21T15:28:18","modified_gmt":"2015-12-21T20:28:18","slug":"bosques","status":"publish","type":"page","link":"http:\/\/archive.bankinformationcenter.org\/es\/nuestro-trabajo\/bosques\/","title":{"rendered":"Los Bosques"},"content":{"rendered":"<div id=\"attachment_8446\" style=\"width: 635px\" class=\"wp-caption aligncenter\"><img loading=\"lazy\" decoding=\"async\" aria-describedby=\"caption-attachment-8446\" class=\" wp-image-8446\" src=\"http:\/\/www.bicusa.org\/wp-content\/uploads\/2013\/08\/Tropical-rain-forest-stream-Oliver-van-S.-Creative-Commons-license.jpg\" alt=\"Riachuelo en un bosque tropical h\u00famedo \/ Oliver van S.\/ Licencia de Creative Commons\" width=\"625\" height=\"286\" srcset=\"http:\/\/archive.bankinformationcenter.org\/wp-content\/uploads\/2013\/08\/Tropical-rain-forest-stream-Oliver-van-S.-Creative-Commons-license.jpg 653w, http:\/\/archive.bankinformationcenter.org\/wp-content\/uploads\/2013\/08\/Tropical-rain-forest-stream-Oliver-van-S.-Creative-Commons-license-300x137.jpg 300w\" sizes=\"auto, (max-width: 625px) 100vw, 625px\" \/><p id=\"caption-attachment-8446\" class=\"wp-caption-text\">Arroyo en un bosque tropical h\u00famedo \/ Oliver van S.\/ Licencia Creative Commons<\/p><\/div>\n<h4>Los recursos forestales contribuyen directamente al sustento del 90% de las 1.2 mil millones de personas viviendo bajo condiciones de pobreza extrema y, de manera indirecta, \u00a0son el sustento natural de la agricultura y la alimentaci\u00f3n de aproximadamente la mitad de la poblaci\u00f3n del mundo en desarrollo.<\/h4>\n<p>La conservaci\u00f3n de los bosques tropicales tiene un valor inmenso, dado que contienen aproximadamente la mitad de las plantas y animales del planeta, contienen grandes cantidades de agua dulce del planeta, y regulan las temperaturas y patrones del tiempo alrededor del mundo. Un alto porcentaje de la gente humilde recolecta su comida, medicina, materiales de construcci\u00f3n y le\u00f1a directamente de los bosques, y dependen de los servicios del ecosistema forestal para la provisi\u00f3n y purificaci\u00f3n del agua, prevenci\u00f3n de inundaciones, y adaptaci\u00f3n al cambio clim\u00e1tico. La conservaci\u00f3n de los bosques es una de las soluciones m\u00e1s efectivas para mitigar el cambio clim\u00e1tico y debe ser considerada prioritaria en la agenda de la comunidad internacional en los esfuerzos por combatir esta crisis mundial.<\/p>\n<p>El trabajo actual de BIC incluye una serie de actividades de apoyo e investigaci\u00f3n para promover la conservaci\u00f3n de los bosques dentro del contexto del desarrollo internacional, en particular en las instituciones financieras internacionales (IFIs). Dentro del contexto del Banco Mundial, la conservaci\u00f3n de bosques es esencial para lograr las dos metas del Banco: terminar con la pobreza extrema y promover la prosperidad compartida. El trabajo actual de BIC incluye lo siguiente:<\/p>\n<ul>\n<li>Dentro de <strong><a href=\"http:\/\/archive.bankinformationcenter.org\/es\/nuestro-trabajo\/salvaguardas\/\">la revisi\u00f3n actual de las pol\u00edticas de salvaguardas ambientales y sociales del Banco Mundial<\/a><\/strong>, BIC promueve el fortalecimiento de los est\u00e1ndares sociales y ambientales con relaci\u00f3n a la naturaleza: el nuevo est\u00e1ndar sobre Biodiversidad (ESS6), consiste en una combinaci\u00f3n de pol\u00edticas previas de salvaguarda existentes sobre Bosques (OP 4.36) y H\u00e1bitats Naturales (4.04). Muchas organizaciones de la sociedad civil y grupos ind\u00edgenas alrededor del mundo sienten que las nuevas salvaguardas son muy problem\u00e1ticas porque les han restado muchas provisiones importantes. <strong><a href=\"http:\/\/archive.bankinformationcenter.org\/es\/nuestro-trabajo\/salvaguardas\/bosques\/\">Haga click aqu\u00ed para aprender m\u00e1s sobre el trabajo de BIC acerca de las salvaguardas y los bosques.<\/a><\/strong><\/li>\n<li>BIC propone que el Banco Mundial, como una de las IFIs m\u00e1s importantes del mundo, debe comprometerse a \u201cCero Deforestaci\u00f3n\u201d en su portafolio de pr\u00e9stamos. Un esfuerzo completo por parte del Banco Mundial es cr\u00edtico para responder a la crisis global de la deforestaci\u00f3n y el cambio clim\u00e1tico, dado los costos desproporcionadamente altos que paga la gente m\u00e1s pobre del mundo por la p\u00e9rdida de bosques. Para poder alcanzar el desarrollo sostenible de sus clientes y simult\u00e1neamente tomar el liderazgo en cuanto a soluciones oportunas y efectivas al cambio clim\u00e1tico, el Banco Mundial tiene que comprometerse a la p\u00e9rdida forestal cero\u2013 en sus inversiones, tanto dentro del sector forestal como en otros sectores causantes de la deforesatci\u00f3n. <strong><a href=\"http:\/\/archive.bankinformationcenter.org\/es\/la-campana-cero-deforestacion\/\">Haga click aqu\u00ed para aprender m\u00e1s sobre la campa\u00f1a de \u201cCero Deforestaci\u00f3n.\u201d<\/a><\/strong><\/li>\n<li>BIC est\u00e1 conviniendo debates alrededor del marco del Plan de Acci\u00f3n Forestal, una actualizaci\u00f3n de la Estrategia Forestal actual del Banco. Este Plan de Acci\u00f3n Forestal definir\u00e1 como el Banco va a interactuar con el sector forestal, y con los sectores que impactan a los bosques, entre los a\u00f1os fiscales 2016 &#8211; 2020.<\/li>\n<li>Para ilustrar la importancia de la protecci\u00f3n de bosques a lo largo del ciclo de un proyecto, BIC est\u00e1 trabajando en unos estudios de caso para destacar los impactos de proyectos financiados por el Banco Mundial sobre bosques alrededor del mundo. Estos estudios tienen la meta de ilustrar buenas pr\u00e1cticas que hayan contribuido positivamente a la conservaci\u00f3n de los bosques y pueblos dependientes de los bosques; y adem\u00e1s identificar lecciones aprendidas que puedan contribuir al mejoramiento de proyectos en el futuro. Los estudios est\u00e1n en progreso en Camboya, la Rep\u00fablica Democr\u00e1tica del Congo, Brasil, M\u00e9xico, y Per\u00fa.<\/li>\n<\/ul>\n<p>BIC est\u00e1 buscando tambi\u00e9n identificar y evaluar metodolog\u00edas y herramientas que puedan ser utilizadas para medir impactos sobre bosques al nivel de proyecto.<\/p>\n<div class=\"mini_tabs_container\"><ul class=\"mini_tabs\"><li><a href=\"#\">Historia<\/a><\/li><li><a href=\"#\">REDD+<\/a><\/li><li><a href=\"#\">Pol\u00edticas<\/a><\/li><li><a href=\"#\">Biblioteca<\/a><\/li><li><a href=\"#\">Contactos<\/a><\/li><\/ul><div class=\"panes\"><div class=\"pane\"><em>Una historia breve de la evoluci\u00f3n de las estrategias forestales y las pol\u00edticas operacionales del Banco Mundial desde los a\u00f1os 1990s hasta el d\u00eda de hoy. La l\u00ednea de tiempo incluye casos importantes del Panel de Inspecci\u00f3n relacionados con las salvaguardas de Evaluaci\u00f3n Ambiental, Bosques y H\u00e1bitats Naturales del Banco, as\u00ed como la revisi\u00f3n actual de las pol\u00edticas de salvaguardas del Banco.<\/em><br \/>\n<iframe loading=\"lazy\" class=\"\" src=\"http:\/\/embed.verite.co\/timeline\/?source=0AnWiES-XFNgxdGR2dTRWVlZCWDVYNU5iejZ3S1ZjN0E&amp;font=Bevan-PotanoSans&amp;maptype=toner&amp;lang=es&amp;height=850\" width=\"100%\" height=\"850px\" style=\"width:100%;height:850px\" seamless=\"seamless\" frameborder=\"0\"><\/iframe><\/div><div class=\"pane\"><h4>\u00bfQu\u00e9 es REDD, FIP, FCPF y ONU-REDD?<\/h4>\n<p>REDD (Reduciendo Emisiones por Deforestaci\u00f3n y Degradaci\u00f3n) es un mecanismo de financiamiento actualmente siendo negociado bajo la Convenci\u00f3n Marco de las Naciones Unidas sobre Cambio Clim\u00e1tico (CMNUCC) con la intensi\u00f3n de promover la conservaci\u00f3n de bosques y demorar los efectos de cambio clim\u00e1tico a trav\u00e9s de la creaci\u00f3n de incentivos financieros para actividades de re-forestaci\u00f3n, manejo y gesti\u00f3n de bosques, y deforestaci\u00f3n evitada. Se estima que la deforestaci\u00f3n de bosques tropicales es responsable del 15-20% de las emisiones globales de carbono, representando un importante foco para dirigir esfuerzos de mitigaci\u00f3n contra el cambio clim\u00e1tico.<\/p>\n<p>BIC aspira contribuir a un efectivo dise\u00f1o e implementaci\u00f3n del Fondo Cooperativo de Carbono de los Bosques (FCPF por sus siglas en ingles) y del Programa de Inversiones Forestales (FIP por sus siglas en ingles) los cuales fueron creados por el Banco Mundial como programas piloto para apoyar a los pa\u00edses en su preparaci\u00f3n para REDD (en el caso del FCPF) y proveer inversiones estrat\u00e9gicas y transformativas en el sector forestal (en el caso del FIP). BIC trabaja para asegurar un coherente proceso ambiental y social de debida diligencia en estos programas, as\u00ed como tambi\u00e9n una efectiva participaci\u00f3n de las comunidades dependientes de los bosques durante los procesos nacionales de preparaci\u00f3n para REDD en \u00c1frica, Asia y Latino Am\u00e9rica.<\/p>\n<p>BIC tambi\u00e9n desempe\u00f1a la funci\u00f3n de ONG Observadora oficial del FCPF coordinando muy de cerca con las ONGs y delgados observadores para pueblos ind\u00edgenas del FIP y de ONU-REDD (programa de las Naciones Unidas con la misma visi\u00f3n del FCPF).<br \/><\/div><div class=\"pane\"><h4>Pol\u00edticas de Salvaguardia Socio Ambiental y Enfoque Com\u00fan del FCPF<\/h4>\n<p>Cuando un gobierno le pide al Banco Mundial y a otros Socios Ejecutores (el Banco Interamericano de Desarrollo y el Programa de las Naciones Unidas para el Desarrollo) ayuda para un proyecto, est\u00e1 obligado a comprometerse a seguir una serie de \u201cpol\u00edticas de salvaguardias\u201d ambientales y sociales. Bajo el \u201cEnfoque Com\u00fan para las Salvaguardias Ambientales y Sociales para los Socios Ejecutores M\u00faltiples\u201d del Fondo Cooperativo para el Carbono de los Bosques (FCPF, por sus siglas en ingl\u00e9s), los Pa\u00edses Participantes REDD y los Socios Ejecutores tienen que aplicar salvaguardias, las cuales deben ser sustancialmente equivalentes a las disposiciones clave (o \u201celementos materiales\u201d) de las salvaguardias del Banco Mundial. Adem\u00e1s, est\u00e1n obligados a seguir una serie de Directrices requisitas del FCPF.<\/p>\n<p>El FCPF fue creado en el entendido de que las pol\u00edticas y procedimientos del Banco Mundial, incluso sus pol\u00edticas de salvaguardias ambientales y sociales, se aplicar\u00edan. Debido a la incorporaci\u00f3n de agencias adicionales, cada una con distintas pol\u00edticas y procedimientos, el FCPF tuvo que crear un proceso entre todas las partes interesados para desarrollar un marco com\u00fan para asegurar coherencia con las salvaguardias del Banco Mundial. Un grupo de trabajo elabor\u00f3 el \u201cEl Enfoque Com\u00fan para las Salvaguardias Ambientales y Sociales y para Socios Ejecutores M\u00faltiples\u201d (Enfoque Com\u00fan), el cual fue aprobado en junio de 2011.<\/p>\n<p>Este documento elaborado por el Bank Information Center, <a href=\"http:\/\/www.bankinformationcenter.org\/wp-content\/uploads\/2013\/10\/Politicas-de-Salvaguardia-Socio-Ambiental-y-Enfoque-Comun-del-FCPF_BankInformationCenter_agosto2013.pdf\">\u201cPol\u00edticas de Salvaguardia Socio Ambiental y Enfoque Com\u00fan del FCPF\u201d<\/a>, incluye fichas t\u00e9cnicas que detallan las disposiciones clave de las pol\u00edticas de salvaguardia del Banco Mundial que tienen que ser consideradas por los Socios Ejecutores y por los Pa\u00edses Participantes REDD en el desarrollo de estrategias y de planes en materia de REDD+. Tambi\u00e9n detalla las pol\u00edticas de acceso a la informaci\u00f3n y los mecanismos de rendici\u00f3n de cuentas del Banco Mundial y los Socios Ejecutores, as\u00ed como la importancia e implicaciones del Enfoque Com\u00fan para las organizaciones de sociedad civil y los pueblos ind\u00edgenas en pa\u00edses piloto y las diferencias entre las pol\u00edticas de salvaguardia del Banco Mundial, del BID y del PNUD.<br \/><\/div><div class=\"pane\"><div class=\"one_fourth\"><a href=\"http:\/\/www.bankinformationcenter.org\/wp-content\/uploads\/2015\/10\/Analysis_of_WB_Finance_and_Forests-ESP.pdf\"><img loading=\"lazy\" decoding=\"async\" class=\"alignnone wp-image-13135 size-thumbnail\" src=\"http:\/\/www.bankinformationcenter.org\/wp-content\/uploads\/2013\/01\/Untitled32-150x150.png\" alt=\"Untitled\" width=\"150\" height=\"150\" srcset=\"http:\/\/archive.bankinformationcenter.org\/wp-content\/uploads\/2013\/01\/Untitled32-150x150.png 150w, http:\/\/archive.bankinformationcenter.org\/wp-content\/uploads\/2013\/01\/Untitled32-144x144.png 144w\" sizes=\"auto, (max-width: 150px) 100vw, 150px\" \/><b>An\u00e1lisis del financiamiento del Banco Mundial y los bosques<\/b><\/a><br \/>\nJune 2015<br \/><\/div>\n<div class=\"one_fourth\"><a href=\"http:\/\/www.bankinformationcenter.org\/wp-content\/uploads\/2015\/10\/Analysis_of_IFC_Finance_and_Forests-ESP.pdf\"><img loading=\"lazy\" decoding=\"async\" class=\"alignnone wp-image-13134 size-thumbnail\" src=\"http:\/\/www.bankinformationcenter.org\/wp-content\/uploads\/2013\/01\/Untitled31-150x150.png\" alt=\"Untitled\" width=\"150\" height=\"150\" srcset=\"http:\/\/archive.bankinformationcenter.org\/wp-content\/uploads\/2013\/01\/Untitled31-150x150.png 150w, http:\/\/archive.bankinformationcenter.org\/wp-content\/uploads\/2013\/01\/Untitled31-144x144.png 144w\" sizes=\"auto, (max-width: 150px) 100vw, 150px\" \/><b>An\u00e1lisis del financiamiento de la Corporaci\u00f3n Financiera Internacional y los bosques<\/b><\/a><br \/>\nJune 2015<br \/><\/div>\n<div class=\"one_fourth\"><a href=\"http:\/\/www.bankinformationcenter.org\/wp-content\/uploads\/2013\/01\/Untitled29.png\"><img loading=\"lazy\" decoding=\"async\" class=\"alignnone wp-image-13132 size-thumbnail\" src=\"http:\/\/www.bankinformationcenter.org\/wp-content\/uploads\/2013\/01\/Untitled29-150x150.png\" alt=\"Untitled\" width=\"150\" height=\"150\" srcset=\"http:\/\/archive.bankinformationcenter.org\/wp-content\/uploads\/2013\/01\/Untitled29-150x150.png 150w, http:\/\/archive.bankinformationcenter.org\/wp-content\/uploads\/2013\/01\/Untitled29-300x298.png 300w, http:\/\/archive.bankinformationcenter.org\/wp-content\/uploads\/2013\/01\/Untitled29-144x144.png 144w, http:\/\/archive.bankinformationcenter.org\/wp-content\/uploads\/2013\/01\/Untitled29.png 331w\" sizes=\"auto, (max-width: 150px) 100vw, 150px\" \/><\/a><a href=\"http:\/\/www.bankinformationcenter.org\/wp-content\/uploads\/2014\/07\/FCPF-webpage-Spanish.pdf\"><b>El Fondo para Reducir Emisiones de Carbono mediante la Protecci\u00f3n de Bosques (FCPF)<\/b><\/a><br \/><\/div>\n<div class=\"one_fourth last\"><a href=\"http:\/\/www.bankinformationcenter.org\/wp-content\/uploads\/2013\/01\/Untitled29.png\"><img loading=\"lazy\" decoding=\"async\" class=\"alignnone wp-image-13132 size-thumbnail\" src=\"http:\/\/www.bankinformationcenter.org\/wp-content\/uploads\/2013\/01\/Untitled29-150x150.png\" alt=\"Untitled\" width=\"150\" height=\"150\" srcset=\"http:\/\/archive.bankinformationcenter.org\/wp-content\/uploads\/2013\/01\/Untitled29-150x150.png 150w, http:\/\/archive.bankinformationcenter.org\/wp-content\/uploads\/2013\/01\/Untitled29-300x298.png 300w, http:\/\/archive.bankinformationcenter.org\/wp-content\/uploads\/2013\/01\/Untitled29-144x144.png 144w, http:\/\/archive.bankinformationcenter.org\/wp-content\/uploads\/2013\/01\/Untitled29.png 331w\" sizes=\"auto, (max-width: 150px) 100vw, 150px\" \/><\/a><b><a href=\"http:\/\/www.bankinformationcenter.org\/wp-content\/uploads\/2015\/07\/BIC-Guide-to-FIP.pdf\">The Forest Investment Program (FIP)<\/a><\/b><br \/>\n<em>(en ingl\u00e9s)<\/em><br \/><\/div><div class=\"clearboth\"><\/div>\n<p>&nbsp;<\/p>\n<div class=\"one_fourth\"><a href=\"http:\/\/www.bankinformationcenter.org\/wp-content\/uploads\/2013\/01\/Untitled29.png\"><img loading=\"lazy\" decoding=\"async\" class=\"alignnone wp-image-13132 size-thumbnail\" src=\"http:\/\/www.bankinformationcenter.org\/wp-content\/uploads\/2013\/01\/Untitled29-150x150.png\" alt=\"Untitled\" width=\"150\" height=\"150\" srcset=\"http:\/\/archive.bankinformationcenter.org\/wp-content\/uploads\/2013\/01\/Untitled29-150x150.png 150w, http:\/\/archive.bankinformationcenter.org\/wp-content\/uploads\/2013\/01\/Untitled29-300x298.png 300w, http:\/\/archive.bankinformationcenter.org\/wp-content\/uploads\/2013\/01\/Untitled29-144x144.png 144w, http:\/\/archive.bankinformationcenter.org\/wp-content\/uploads\/2013\/01\/Untitled29.png 331w\" sizes=\"auto, (max-width: 150px) 100vw, 150px\" \/><\/a><a href=\"http:\/\/www.bankinformationcenter.org\/wp-content\/uploads\/2014\/12\/El-desarollo-de-un-Sistema-Nacional-de-Salvaguardas-para-REDD-en-Mexico.pdf\"><b>El desarrollo de un Sistema Nacional de Salvaguardas para REDD+ en M\u00e9xico<\/b><\/a><br \/>\nNoviembre 2014<\/div>\n<div class=\"one_fourth\"><a href=\"http:\/\/www.bankinformationcenter.org\/wp-content\/uploads\/2014\/07\/Estudio-Salvaguardas_REDD_MX_2014-full-study.pdf\"><img loading=\"lazy\" decoding=\"async\" class=\"alignnone wp-image-13133 size-thumbnail\" src=\"http:\/\/www.bankinformationcenter.org\/wp-content\/uploads\/2013\/01\/Untitled30-150x150.png\" alt=\"Untitled\" width=\"150\" height=\"150\" srcset=\"http:\/\/archive.bankinformationcenter.org\/wp-content\/uploads\/2013\/01\/Untitled30-150x150.png 150w, http:\/\/archive.bankinformationcenter.org\/wp-content\/uploads\/2013\/01\/Untitled30-144x144.png 144w\" sizes=\"auto, (max-width: 150px) 100vw, 150px\" \/><\/a><a href=\"http:\/\/www.bankinformationcenter.org\/wp-content\/uploads\/2014\/07\/Estudio-Salvaguardas_REDD_MX_2014-full-study.pdf\"><b>Las Comunidades Forestales Mexicanas Frente a REDD+<\/b><\/a> May 2014<\/div>\n<div class=\"one_fourth\"><a href=\"http:\/\/www.bankinformationcenter.org\/wp-content\/uploads\/2014\/03\/EstudioDeCaso-ParticipacionIndigenaREDDCostaRica-Espanol-Marzo2014-VersionWeb.pdf\"><img loading=\"lazy\" decoding=\"async\" class=\"alignnone wp-image-13094 size-thumbnail\" src=\"http:\/\/www.bankinformationcenter.org\/wp-content\/uploads\/2013\/01\/Untitled-150x150.png\" alt=\"Untitled\" width=\"150\" height=\"150\" srcset=\"http:\/\/archive.bankinformationcenter.org\/wp-content\/uploads\/2013\/01\/Untitled-150x150.png 150w, http:\/\/archive.bankinformationcenter.org\/wp-content\/uploads\/2013\/01\/Untitled-144x144.png 144w\" sizes=\"auto, (max-width: 150px) 100vw, 150px\" \/><b>Impulsando la Participaci\u00f3n de los Pueblos Ind\u00edgenas en REDD+ en Costa Rica<\/b><\/a><br \/>\nMarzo 2014<\/div>\n<div class=\"one_fourth last\"><\/div><div class=\"clearboth\"><\/div><\/div><div class=\"pane\"><div class=\"one_half\"><h4>Rachel Baker<\/h4>\n<h5>Programa Latinoam\u00e9rica y Programa Forestal<\/h5>\n<span class=\"icon_text icon_phone\">+1 (202) 624-0631<\/span> <br \/>\n<a class=\"icon_text icon_email\" href=\"mailto:rbaker*bankinformationcenter.org\">rbaker*bankinformationcenter.org<\/a> <br \/><\/div>\n<div class=\"one_half last\"><h4>Pia Iolster<\/h4>\n<h5>Programa Forestal<\/h5>\n<span class=\"icon_text icon_phone\">+1 (202) 624-0624<\/span> <br \/>\n<a class=\"icon_text icon_email\" href=\"mailto:piolster*bankinformationcenter.org\">piolster*bankinformationcenter.org<\/a> <br \/><\/div><div class=\"clearboth\"><\/div><\/div><\/div><\/div>\n","protected":false},"excerpt":{"rendered":"<p>Los recursos forestales contribuyen directamente al sustento del 90% de las 1.2 mil millones de personas viviendo bajo condiciones de pobreza extrema y, de manera indirecta, \u00a0son el sustento natural de la agricultura y la alimentaci\u00f3n de aproximadamente la mitad de la poblaci\u00f3n del mundo en desarrollo. La conservaci\u00f3n de los bosques tropicales tiene un &#8230;<\/p>\n","protected":false},"author":31,"featured_media":0,"parent":13658,"menu_order":2,"comment_status":"closed","ping_status":"closed","template":"template_rightsidebar.php","meta":{"footnotes":""},"class_list":["post-2774","page","type-page","status-publish","hentry"],"_links":{"self":[{"href":"http:\/\/archive.bankinformationcenter.org\/es\/wp-json\/wp\/v2\/pages\/2774","targetHints":{"allow":["GET"]}}],"collection":[{"href":"http:\/\/archive.bankinformationcenter.org\/es\/wp-json\/wp\/v2\/pages"}],"about":[{"href":"http:\/\/archive.bankinformationcenter.org\/es\/wp-json\/wp\/v2\/types\/page"}],"author":[{"embeddable":true,"href":"http:\/\/archive.bankinformationcenter.org\/es\/wp-json\/wp\/v2\/users\/31"}],"replies":[{"embeddable":true,"href":"http:\/\/archive.bankinformationcenter.org\/es\/wp-json\/wp\/v2\/comments?post=2774"}],"version-history":[{"count":0,"href":"http:\/\/archive.bankinformationcenter.org\/es\/wp-json\/wp\/v2\/pages\/2774\/revisions"}],"up":[{"embeddable":true,"href":"http:\/\/archive.bankinformationcenter.org\/es\/wp-json\/wp\/v2\/pages\/13658"}],"wp:attachment":[{"href":"http:\/\/archive.bankinformationcenter.org\/es\/wp-json\/wp\/v2\/media?parent=2774"}],"curies":[{"name":"wp","href":"https:\/\/api.w.org\/{rel}","templated":true}]}}