{"id":14439,"date":"2016-07-05T11:06:28","date_gmt":"2016-07-05T15:06:28","guid":{"rendered":"http:\/\/www.bankinformationcenter.org\/es\/?page_id=14439"},"modified":"2017-05-23T15:35:20","modified_gmt":"2017-05-23T19:35:20","slug":"herramientas","status":"publish","type":"page","link":"http:\/\/archive.bankinformationcenter.org\/es\/iiscal\/herramientas\/","title":{"rendered":"Consejos y herramientas"},"content":{"rendered":"<p><a href=\"http:\/\/archive.bankinformationcenter.org\/es\/iiscal\/\">IISCAL<\/a> \u00bb Consejos y herramientas<\/p>\n<p><img loading=\"lazy\" decoding=\"async\" class=\"alignnone size-large wp-image-14530\" src=\"http:\/\/www.bankinformationcenter.org\/wp-content\/uploads\/2016\/07\/IMG_4639-e1469644827952-1024x573.jpg\" alt=\"IMG_4639\" width=\"1024\" height=\"573\" srcset=\"http:\/\/archive.bankinformationcenter.org\/wp-content\/uploads\/2016\/07\/IMG_4639-e1469644827952-1024x573.jpg 1024w, http:\/\/archive.bankinformationcenter.org\/wp-content\/uploads\/2016\/07\/IMG_4639-e1469644827952-300x168.jpg 300w, http:\/\/archive.bankinformationcenter.org\/wp-content\/uploads\/2016\/07\/IMG_4639-e1469644827952-768x430.jpg 768w\" sizes=\"auto, (max-width: 1024px) 100vw, 1024px\" \/><\/p>\n<p>Las organizaciones de la sociedad civil en Am\u00e9rica Latina enfrentan enormes desaf\u00edos para entablar una comunicaci\u00f3n efectiva con las entidades chinas. Esto se debe principalmente a que hay poco conocimiento sobre como funcionan los bancos y las empresas chinas, sus reglas de juego y su arquitectura institucional, adem\u00e1s de las limitaciones que imponen las distancia geogr\u00e1fica, la cultura y el idioma.<\/p>\n<p><strong>Consejos \u00fatiles:<\/strong><\/p>\n<p>Contactar directamente a las instituciones chinas, incluyendo los bancos y las empresas, casi siempre es un gran reto. No es f\u00e1cil identificar las instituciones apropiadas en cada caso y las personas indicadas a quienes acudir dentro de esas instituciones, su informaci\u00f3n de contacto, el manejo del idioma, el asegurar una comunicaci\u00f3n cultural apropiada, etc. Si requiere ayuda, por favor cont\u00e1ctese con IISCAL.<\/p>\n<ul>\n<li><strong>Empiece por lo m\u00e1s f\u00e1cil<\/strong><\/li>\n<\/ul>\n<p>En las embajadas chinas existe un representante del Ministerio de Comercio de China conocido como el Consejero Econ\u00f3mico, dentro de sus funciones esta el apoyar y supervisar a las empresas chinas que operan en cada\u00a0pa\u00eds. Le sugerimos visitar el sitio web de la Embajada china en su pa\u00eds para obtener los datos de contacto del Consejero Econ\u00f3mico o preguntar directamente en la Embajada para pedir una reuni\u00f3n en persona con \u00e9ste funcionario.<\/p>\n<ul>\n<li><strong>La importancia de comunicarse por escrito<\/strong><\/li>\n<\/ul>\n<p>Dada la distancia geogr\u00e1fica con China, el mejor medio para hacer llegar informaci\u00f3n a las instituciones chinas es trav\u00e9s de las comunicaciones escritas. Aunque es frecuente que tales entidades chinas no respondan a las cartas, hay evidencia que las cartas que contienen informaci\u00f3n clara y cre\u00edble tienen impacto, y que de una manera incremental, las entidades chinas est\u00e1n interesadas en escuchar m\u00e1s a las organizaciones de la sociedad civil y no fiarse exclusivamente de la informaci\u00f3n que proviene de los oficiales p\u00fablicos del pa\u00eds donde operan. Siempre que sea posible es importante traducir las comunicaciones al Mandar\u00edn. Si requiere ayuda, por favor cont\u00e1ctese con IISCAL.<\/p>\n<ul>\n<li><strong>Fortalezca sus argumentos<\/strong><\/li>\n<\/ul>\n<p>Los Lineamientos ambientales y sociales chinos contienen protecciones y requisitos importantes para la protecci\u00f3n de los derechos ambientales, sociales, culturales y laborales de las poblaciones locales donde se realizan los proyectos con participaci\u00f3n china. Sugerimos revisar la secci\u00f3n de Lineamientos chinos en este sitio web y respaldar sus argumentos con los art\u00edculos pertinentes. Si tiene preguntas sobre los Lineamientos y su aplicaci\u00f3n por favor comun\u00edquese con IISCAL.<\/p>\n<p><strong>Herramientas<\/strong><\/p>\n<div class=\"toggle\"><h4 class=\"toggle_title\"><i class=\"toggle_icon\"><\/i>Legales<\/h4><div class=\"toggle_content\"><p><a href=\"http:\/\/www.bankinformationcenter.org\/wp-content\/uploads\/2016\/09\/MANUAL-CHINO-2015.pdf\">Manual Legal Sobre Regulaciones Ambientales y Sociales Chinas Para Los Pr\u00e9stamos e Inversiones En El Exterior: Una Gu\u00eda Para Las Comunidades Locales<\/a>. IISCAL, 2015.<\/p>\n<p><a href=\"http:\/\/www.bankinformationcenter.org\/wp-content\/uploads\/2016\/09\/Portu_MANUAL-REGULAMENTOS-2015.pdf\">Portugu\u00e9s<\/a>: Regulamenta\u00e7\u00f5es Ambientais e Sociais Chinesas Para Os Empr\u00e9stimos e Investimentos No Exterior<\/p>\n<p><a href=\"http:\/\/www.bankinformationcenter.org\/wp-content\/uploads\/2016\/09\/Manual-Chino-2015-English-Version-Final.pdf\">Ingles<\/a>: Legal Manual on Chinese Environmental and Social Guidelines for Foreign Loans and Investments: A Guide for Local Communities<br \/><\/div><\/div>\n<div class=\"toggle\"><h4 class=\"toggle_title\"><i class=\"toggle_icon\"><\/i>Empresas Chinas<\/h4><div class=\"toggle_content\"><p><a href=\"http:\/\/www.inclusivedevelopment.net\/wp-content\/uploads\/2015\/09\/Following-the-Money.pdf\">Siguiendo al Dinero: Una Gu\u00eda para Asegurar la Rendici\u00f3n de Cuentas en las Inversiones en Agricultura<\/a>. IDI y IIED, 2015. Disponible s\u00f3lo en ingl\u00e9s. La gu\u00eda es una herramienta para activistas locales que defienden el derechos a la tenencia de la tierra, recursos naturales y ecosistemas amenazados por inversiones agr\u00edcolas.<\/p>\n<p><strong>Estatales y Empresas Privadas Chinas Operando en el Extranjero: Aproximaciones para Campa\u00f1as y Consejos para Investigar Compa\u00f1\u00edas y Proyectos Chinos\u00a0<\/strong>. Amigos de la Tierra, 2015. Ingl\u00e9s. Para acceder a los documentos comunicarse con Rey Edward: redward@foe.org. Los documentos proporcionan sugerencias de c\u00f3mo obtener informaci\u00f3n sobre compa\u00f1\u00edas chinas, como por ejemplo: qu\u00e9 tipo de informaci\u00f3n deben publicar las compa\u00f1\u00edas chinas en China, fuentes en d\u00f3nde se puede encontrar informaci\u00f3n sobre compa\u00f1\u00edas chinas, informaci\u00f3n sobre tipos de compa\u00f1\u00edas chinas y algunos de los proyectos que operan.<\/p>\n<p><strong>El Rol y las Caracter\u00edsticas de las Empresas Chinas Estatales y de las Empresas Privadas en las Inversiones en el Extranjero\u00a0<\/strong>. Amigos de la Tierra, 2015. \u00a0Ingl\u00e9s. Para acceder a los documentos comunicarse con Rey Edward: redward@foe.org. El documento trata sobre la gobernanza de las compa\u00f1\u00edas chinas estatales y privadas, la modernizaci\u00f3n y globalizaci\u00f3n de esas empresas. Tambi\u00e9n presenta informaci\u00f3n sobre instituciones chinas reguladoras y menciona algunas de las directrices que gobiernan las empresas. Presenta adem\u00e1s 3 estudios de caso incluyendo el Canal de Nicaragua.<\/p>\n<p><a href=\"http:\/\/www.internationalrivers.org\/files\/attached-files\/intlrivers_newgreatwalls_spanish_web_0.pdf\">Las Nuevas Grandes Murallas: Gu\u00eda acerca de la Industria China para Construcci\u00f3n de represas en el Extranjero<\/a>.\u00a0IR, 2012. S\u00f3lo disponible en ingl\u00e9s. Esta gu\u00eda ofrece informaci\u00f3n pr\u00e1ctica para los grupos interesados en los proyectos de construcci\u00f3n de represas con participaci\u00f3n de empresas y financistas chinos. Por ejemplo, explica quienes son\u00a0las\u00a0empresas y los financistas, a qu\u00e9 leyes y normas chinas est\u00e1n sujetos, y una gu\u00eda para la incidencia. Adem\u00e1s incluye\u00a0la nueva pol\u00edtica socio ambiental de Sinohydro.<\/p><\/div><\/div>\n<div class=\"toggle\"><h4 class=\"toggle_title\"><i class=\"toggle_icon\"><\/i>ONGs<\/h4><div class=\"toggle_content\"><p>Existen pocas organizaciones de la sociedad civil que se han especializado en el an\u00e1lisis de las inversiones chinas y sus impactos ambientales y sociales. La lista que presentamos abajo no es exhaustiva pero incluye varias de las organizaciones y entidades que hacen un trabajo sistem\u00e1tico en cuanto a inversiones chinas y sus impactos ambientales y sociales en pa\u00edses Am\u00e9rica Latina e internacionalmente.<\/p>\n<ul>\n<li><a href=\"http:\/\/www.ambienteysociedad.org.co\/es\/inversiones-en-infraestructura-mirando-a-china\/\">Ambiente y Sociedad<\/a>\u00a0(Colombia)<\/li>\n<li><a href=\"http:\/\/www.foe.org\/\">Amigos de la Tierra<\/a>\u00a0FOE (Estados Unidos)<\/li>\n<li><a href=\"http:\/\/business-humanrights.org\/en\/chinese-firms-impacts-abroad\">Centro de Recursos sobre Negocios y Derechos Humanos<\/a>\u00a0(Internacional)<\/li>\n<li><a href=\"http:\/\/cooperaccion.org.pe\/main\/index.php\">CooperAcci\u00f3n<\/a>, (Per\u00fa)<\/li>\n<li><a href=\"http:\/\/www.greenwatershed.org\/\">Cuenca Verde<\/a>\u00a0 (China)<\/li>\n<li><a href=\"http:\/\/www.inclusivedevelopment.net\/\">Desarrollo Internacional Inclusivo<\/a>\u00a0IDI (Estados Unidos y Cambodia)<\/li>\n<li><a href=\"http:\/\/farn.org.ar\/\">Fundaci\u00f3n Ambiente y Recursos Naturales<\/a> (Argentina)<\/li>\n<li><a href=\"http:\/\/www.iiscal.org\/contactos-utiles\/%25E2%2580%25A2%2509www.ghub.org\">Innovaciones Verdes<\/a>\u00a0(China)<\/li>\n<li><a href=\"http:\/\/www.wri.org\/\">Instituto Mundial de Recursos<\/a>\u00a0WRI (China y Estados Unidos)<\/li>\n<li><a href=\"http:\/\/www.geichina.org\/\">Instituto Global del Medio Ambiente<\/a>, GEI (China)<\/li>\n<li><a href=\"http:\/\/www.oxfam.org.hk\/en\/donationlanding_4000.aspx?gclid=cjwkeajwgo6_brc32q6_5s2r-r8sjab7htg-s-nc7xffkocnqvmma6icbhp92ob-2_xmyloyumzd7hocqoxw_wcb\">Oxfam Hong Kong<\/a>\u00a0OHK (Oficina en China)<\/li>\n<li><a href=\"http:\/\/www.banktrack.org\/\">Rastreador de Bancos<\/a>\u00a0(Holanda)<\/li>\n<li><a href=\"https:\/\/www.internationalrivers.org\/\">R\u00edos Internacionales<\/a> (China y Estados Unidos)<\/li>\n<li><a href=\"http:\/\/www.globalwitness.org\/\">Testigos Globales<\/a>\u00a0Global Witness (Internacional)<\/li>\n<li><a href=\"http:\/\/en.wwfchina.org\/\">Fondo Mundial para la Naturaleza<\/a>\u00a0WWF (China y Estados Unidos)<\/li>\n<\/ul><\/div><\/div>\n<div class=\"toggle\"><h4 class=\"toggle_title\"><i class=\"toggle_icon\"><\/i>Academia<\/h4><div class=\"toggle_content\"><ul>\n<li><a href=\"http:\/\/www.economia.unam.mx\/cechimex\/index.php\/en\/\">Centro Chino-Mexicano<\/a>, Cechimex de la Universidad Nacional de M\u00e9xico<\/li>\n<li><a href=\"http:\/\/www.up.edu.pe\/investigacion-centros\">Centro de Investigaci\u00f3n de la Universidad del Pac\u00edfico<\/a>, CIUP (Per\u00fa)<\/li>\n<li><a href=\"http:\/\/www.bu.edu\/pardee\/research\/global-economic-governance-2\/publications\/newsletter-archive\/\">Iniciativa para la Gobernanza Econ\u00f3mica Global<\/a>, GEGI (Estados Unidos)<\/li>\n<li><a href=\"http:\/\/ilas.cass.cn\/ens\/zlgx\/index.asp?moduleid=37&amp;modulepath=%2Fens%2Fzlgx%2F&amp;moduledescription=Relaciones+China+-Am%C3%A9rica+Latina\">Instituto de Am\u00e9rica Latina Academia China de Ciencias Sociales<\/a>. ILAS-CAS (China)<\/li>\n<li><a href=\"http:\/\/china.usc.edu\/region\/latin-america\">Instituto EU-China de la Universidad de Carolina del Sur<\/a>, USC US-China Institute (Estados Unidos<\/li>\n<\/ul><\/div><\/div>\n<div class=\"toggle\"><h4 class=\"toggle_title\"><i class=\"toggle_icon\"><\/i>Think-tanks<\/h4><div class=\"toggle_content\"><ul>\n<li><a href=\"http:\/\/www.thedialogue.org\/agenda\/programs\/china\/\">Di\u00e1logo Interamericano\u00a0<\/a>(Estados Unidos)<\/li>\n<li><a href=\"https:\/\/www.wilsoncenter.org\/program\/china-environment-forum?fuseaction=topics.home&amp;topic_id=1421\">Foro Ambiental Chino en el Wilson Center<\/a>( Estados Unidos)<\/li>\n<\/ul><\/div><\/div>\n<div class=\"toggle\"><h4 class=\"toggle_title\"><i class=\"toggle_icon\"><\/i>Otros<\/h4><div class=\"toggle_content\"><\/div><\/div>\n","protected":false},"excerpt":{"rendered":"<p>IISCAL \u00bb Consejos y herramientas Las organizaciones de la sociedad civil en Am\u00e9rica Latina enfrentan enormes desaf\u00edos para entablar una comunicaci\u00f3n efectiva con las entidades chinas. Esto se debe principalmente a que hay poco conocimiento sobre como funcionan los bancos y las empresas chinas, sus reglas de juego y su arquitectura institucional, adem\u00e1s de las &#8230;<\/p>\n","protected":false},"author":54,"featured_media":14515,"parent":14411,"menu_order":0,"comment_status":"closed","ping_status":"closed","template":"","meta":{"footnotes":""},"class_list":["post-14439","page","type-page","status-publish","has-post-thumbnail","hentry"],"_links":{"self":[{"href":"http:\/\/archive.bankinformationcenter.org\/es\/wp-json\/wp\/v2\/pages\/14439","targetHints":{"allow":["GET"]}}],"collection":[{"href":"http:\/\/archive.bankinformationcenter.org\/es\/wp-json\/wp\/v2\/pages"}],"about":[{"href":"http:\/\/archive.bankinformationcenter.org\/es\/wp-json\/wp\/v2\/types\/page"}],"author":[{"embeddable":true,"href":"http:\/\/archive.bankinformationcenter.org\/es\/wp-json\/wp\/v2\/users\/54"}],"replies":[{"embeddable":true,"href":"http:\/\/archive.bankinformationcenter.org\/es\/wp-json\/wp\/v2\/comments?post=14439"}],"version-history":[{"count":0,"href":"http:\/\/archive.bankinformationcenter.org\/es\/wp-json\/wp\/v2\/pages\/14439\/revisions"}],"up":[{"embeddable":true,"href":"http:\/\/archive.bankinformationcenter.org\/es\/wp-json\/wp\/v2\/pages\/14411"}],"wp:featuredmedia":[{"embeddable":true,"href":"http:\/\/archive.bankinformationcenter.org\/es\/wp-json\/wp\/v2\/media\/14515"}],"wp:attachment":[{"href":"http:\/\/archive.bankinformationcenter.org\/es\/wp-json\/wp\/v2\/media?parent=14439"}],"curies":[{"name":"wp","href":"https:\/\/api.w.org\/{rel}","templated":true}]}}