{"id":14438,"date":"2016-07-05T11:05:11","date_gmt":"2016-07-05T15:05:11","guid":{"rendered":"http:\/\/www.bankinformationcenter.org\/es\/?page_id=14438"},"modified":"2016-09-26T09:24:57","modified_gmt":"2016-09-26T13:24:57","slug":"bancos-chinos","status":"publish","type":"page","link":"http:\/\/archive.bankinformationcenter.org\/es\/iiscal\/bancos-chinos\/","title":{"rendered":"Bancos Chinos"},"content":{"rendered":"<p><a href=\"http:\/\/archive.bankinformationcenter.org\/es\/iiscal\/\">IISCAL<\/a> \u00bb Bancos Chinos<\/p>\n<p><img loading=\"lazy\" decoding=\"async\" class=\"wp-image-14636 size-full aligncenter\" src=\"http:\/\/www.bankinformationcenter.org\/wp-content\/uploads\/2016\/07\/bancos-1.png\" width=\"692\" height=\"264\" srcset=\"http:\/\/archive.bankinformationcenter.org\/wp-content\/uploads\/2016\/07\/bancos-1.png 692w, http:\/\/archive.bankinformationcenter.org\/wp-content\/uploads\/2016\/07\/bancos-1-300x114.png 300w\" sizes=\"auto, (max-width: 692px) 100vw, 692px\" \/><\/p>\n<p>Los bancos chinos que m\u00e1s prestan a Am\u00e9rica Latina son el Banco de Desarrollo de la China (80%) y el Banco de Exportaciones e Importaciones de la China (16%). El resto de los pr\u00e9stamos provienen principalmente el Banco Industrial y Comercial de la China y el Banco Central de la China tambi\u00e9n conocido como Banco del Pueblo Chino.<\/p>\n<p>Del 2005 al 2015, los mayores receptores de los pr\u00e9stamos chinos fueron Venezuela (52%), Brasil (17%), Argentina (14%) y Ecuador (12%). Esto se debe a qu\u00e9 estos pr\u00e9stamos \u00a0representan un buen negocio para China (a pesar de los problemas econ\u00f3micos en China y en esos pa\u00edses) ya que los pr\u00e9stamos est\u00e1n\u00a0atados a la contrataci\u00f3n de empresas chinas y a la importaci\u00f3n de productos y servicios chinos; y porque para estos\u00a0prestatarios, los financiamientos chinos constituyen una de las pocas\u00a0alternativas todav\u00eda accesibles en los mercados financieros. Para m\u00e1s informaci\u00f3n ver <a href=\"https:\/\/www.wcl.american.edu\/environment\/documents\/BoletinIISCAL3Enero2016.pdf\">Bolet\u00edn #3 de IISCAL<\/a>.<\/p>\n<p>Adem\u00e1s, los banco chinos en coordinaci\u00f3n con bancos nacionales (principalmente el BNDES en Brazil) y con bancos multilaterales (como el Banco Mundial y el Banco Inter-Americano de Desarrollo) han establecido varios fondos conjuntos para financiar distintos tipos de proyectos en Am\u00e9rica Latina.<\/p>\n<p>Los bancos chinos m\u00e1s importantes para Am\u00e9rica Latina:<\/p>\n<div class=\"toggle\"><h4 class=\"toggle_title\"><i class=\"toggle_icon\"><\/i>Banco de Desarrollo de la China (BDC)<\/h4><div class=\"toggle_content\">El <a href=\"http:\/\/www.cdb.com.cn\/english\/index.asp\">Banco Nacional de Desarrollo de la China (BDC)<\/a> fue fundado en 1994 y es considerado como el \u201cbanco de pol\u00edtica\u201d m\u00e1s grande de China a pesar de que el 2008 inici\u00f3 la transici\u00f3n a convertirse en un banco comercial. Desde el 2002 al 2012, los pr\u00e9stamos en el extranjero realizados por el BDC crecieron 36 veces, ascendiendo a US$ 248.2 mil millones. El BDC tiene oficinas alrededor del mundo,\u00a0varias de ellas en Am\u00e9rica Latina incluyendo en Venezuela, Brasil, Colombia, Ecuador y Argentina.<\/p>\n<p>El BDC es el mayor financista global de proyectos de infraestructura y de extracci\u00f3n de recursos naturales, especialmente en la construcci\u00f3n de represas. Su mandato es proveer financiamiento a proyectos alineados con los objetivos estrat\u00e9gicos de los Planes Quinquenales definidos por el Congreso Nacional del Pueblo de la Rep\u00fablica Popular China. Sus financiamientos van a grandes proyectos en las \u00e1reas de: energ\u00eda el\u00e9ctrica; construcci\u00f3n vial; ferrocarriles; petr\u00f3leo y petroqu\u00edmico; desarrollo de minas de carb\u00f3n; telecomunicaciones; agricultura e industrias relacionadas e infraestructura p\u00fablica.<\/p>\n<p>El BDC otorga cr\u00e9dito (entre otras formas) a trav\u00e9s de: pr\u00e9stamos respaldados por petr\u00f3leo, ya sea a gobiernos o empresas nacionales; financiamientos a compa\u00f1\u00edas estatales chinas para facilitar su expansi\u00f3n; e inversiones en compa\u00f1\u00edas chinas que son activas en el extranjero a trav\u00e9s de fondos privados. No provee cr\u00e9dito\u00a0concesional. El BDC tambi\u00e9n ha financiado a empresas chinas estatales para adquirir acciones en empresas extranjeras, especialmente para la extracci\u00f3n de recursos naturales, y ha tenido un rol muy importante en el desarrollo del sector petrolero en Brasil y Venezuela.<\/p>\n<p>El BDC ha cumplido un papel determinante para iniciar varias asociaciones inter-bancarias como por ejemplo el Nuevo Banco de Desarrollo de los BRICS.<\/p>\n<p><strong>Lineamientos ambientales y sociales<\/strong><\/p>\n<p>El BDC produce un informe anual de Responsabilidad Social Corporativa<br \/>\ny en el 2004 promulg\u00f3 el \u201cManual de Evaluaci\u00f3n de Pr\u00e9stamos del BDC\u201d que incluye aspectos de evaluaci\u00f3n ambiental de los prestamistas y de los proyectos. El Manual no es p\u00fablico.<\/p>\n<p>El BDC fue el primer banco estatal chino que se adhiri\u00f3 al Pacto Global de las Naciones Unidas y ha participado en las iniciativas del Programa de la Naciones Unidas para el Medio Ambiente sobre financiamiento sostenible. Sin embargo, el BDC es conocido como un banco con poco deseo de relacionarse con la sociedad civil y ha sido cuestionado por no publicar sus pol\u00edticas ambientales.<br \/><\/div><\/div>\n<div class=\"toggle\"><h4 class=\"toggle_title\"><i class=\"toggle_icon\"><\/i>Banco Exportaci\u00f3n-Importaci\u00f3n de China (BEIC)<\/h4><div class=\"toggle_content\">El<a href=\"http:\/\/english.eximbank.gov.cn\/en\/\">China Export-Import Bank <\/a>(BEIC)\u00a0\u00a0fue fundado en 1994 para financiar las operaciones de las empresas chinas en el extranjero y promover las exportaciones chinas. Se encuentra bajo direcci\u00f3n parcial del Ministerio de Comercio y del Ministerio de Finanzas y Relaciones Exteriores. Tiene su oficina matriz en Beijing y tres representaciones en \u00c1frica Sur-Este, Par\u00eds, y San Petersburgo. El BEIC es considerado un banco estatal de pol\u00edtica.<\/p>\n<p>El BEIC debe desarrollar un Plan de Exportaci\u00f3n de Cr\u00e9dito Anual que cuente con el respaldo del Consejo de Estado, conforme, entre otras, a las siguientes prioridades: proveer cr\u00e9ditos para exportaciones e importaciones de los productos chinos; pr\u00e9stamos para inversi\u00f3n en el extranjero; pr\u00e9stamos concesionales; garant\u00edas internacionales; y pr\u00e9stamos a gobiernos extranjeros y a instituciones financieras internacionales. El BEIC es la principal entidad financiera china en cuanto al financiamiento de represas.<\/p>\n<p><strong>Lineamientos ambientales y sociales<br \/>\n<\/strong><br \/>\nLa <a href=\"http:\/\/www.banktrack.org\/show\/bankprofiles\/china_exim_bank#tab_bankprofiles_policies\">pol\u00edtica <\/a>de evaluaci\u00f3n socio-ambiental de banco fue publicada en el 2007 a pedido de la Pacific Envriroment (ONG de los Estados Unidos) y seg\u00fan R\u00edos Internacionales esta pol\u00edtica esta alineada con regulaciones chinas como la Ley sobre Estudios de Impacto Ambiental, la Ley de Protecci\u00f3n Ambiental china, y la Ordenanza para el Manejo Ambiental en la Construcci\u00f3n de Proyectos.<br \/><\/div><\/div>\n<div class=\"toggle\"><h4 class=\"toggle_title\"><i class=\"toggle_icon\"><\/i>Banco Industrial y Comercial de la China (ICBC)<\/h4><div class=\"toggle_content\">El <a href=\"http:\/\/www.icbc.com.cn\/ICBC\/sy\/\">Banco Industrial y Comercial de la China (ICBC)<\/a> fue fundado en 1984 y esta registrado en las bolsas de valores de Shanghai y Hong Kong desde 1985. \u00a0El ICBC es\u00a0un banco privado y cotizado p\u00fablicamente, sus principales accionistas son dos\u00a0entidades estatales chinas que son la Central Huijin Investment Ltd.(una empresa estatal creada para hacer inversiones en nombre del estado chino) con un 35% de acciones, y el Ministerio de Finanzas chino \u00a0con un 75% de acciones.<\/p>\n<p>Desde el 2007 el ICBC es el banco privado m\u00e1s grande en el mundo con operaciones en m\u00e1s de 40 pa\u00edses. Sus inversiones est\u00e1n diversificadas entre muchos sectores, tanto en China como en el exterior, incluyendo los sectores de hidrocarburos, miner\u00eda y represas hidroel\u00e9ctricas.<br \/>\n<strong><br \/>\nLineamientos ambientales y sociales <\/strong><\/p>\n<p>El ICBC tiene una pol\u00edtica de Responsabilidad Social Corporativa (RSC) y cuenta con un departamento espec\u00edfico para para atender al p\u00fablico. Publica informes <a href=\"http:\/\/www.icbc.com.cn\/ICBCLtd\/SocialResponsibility\/Corporate Social Responsibility\/2015\/2015.htm\">anuales <\/a>de RSC. El ICBC no tiene pol\u00edticas ambientales propias.<br \/><\/div><\/div>\n<p><strong>An\u00e1lisis en foco:<\/strong><\/p>\n<p>Reportes especializados en el an\u00e1lisis de las pol\u00edticas ambientales y sociales de los bancos chinos:<\/p>\n<ul>\n<li><a href=\"http:\/\/www.bankinformationcenter.org\/wp-content\/uploads\/2016\/09\/FOE-Marcos-Emergentes.pdf\">Marcos Emergentes de Sostenibilidad: Banco de Desarrollo de la China y Banco de Exportaciones e Importaciones de China.<\/a> Amigos de la Tierra, 2016. Espa\u00f1ol.<\/li>\n<li><a href=\"http:\/\/www.ghub.org\/wp-content\/uploads\/2014\/02\/1.1Appendix_A-Review-of-the-Environmental-and-Social-Policies-of-National-Development-Banks.pdf\">A Review of the Environmental and Social Policies of National Development Banks in Brazil, China, and India<\/a>. Friends of the Earth and others, 2013. Ingl\u00e9s.<\/li>\n<li><a href=\"http:\/\/www.banktrack.org\/download\/environmental_record_of_chinese_banks_2010\/environmental_records_of_chinese_banks_2010_eng.pdf\">Environmental Record of Chinese Banks. <\/a>Green Watershed, 2010.Ingl\u00e9s.<\/li>\n<li><a href=\"http:\/\/www.foe.org\/system\/storage\/877\/2b\/2\/2245\/China_Development_Banks_overseas_investments_-_An_assessment_of_environmental_and_social_policies_and_practices.pdf\">China Development Bank\u2019s overseas investments: An assessment of environmental and social policies and practices<\/a>. Friends of Earth, 2012. Ingl\u00e9s.<\/li>\n<li><a href=\"http:\/\/ase.tufts.edu\/gdae\/Pubs\/rp\/GallagherChineseFinanceLatinAmericaBrief.pdf\">The New Banks in Town: Chinese Finance in Latin America<\/a>. The Inter-American Dialogue. 2012. Ingl\u00e9s.<\/li>\n<\/ul>\n","protected":false},"excerpt":{"rendered":"<p>IISCAL \u00bb Bancos Chinos Los bancos chinos que m\u00e1s prestan a Am\u00e9rica Latina son el Banco de Desarrollo de la China (80%) y el Banco de Exportaciones e Importaciones de la China (16%). El resto de los pr\u00e9stamos provienen principalmente el Banco Industrial y Comercial de la China y el Banco Central de la China &#8230;<\/p>\n","protected":false},"author":54,"featured_media":0,"parent":14411,"menu_order":0,"comment_status":"closed","ping_status":"closed","template":"","meta":{"footnotes":""},"class_list":["post-14438","page","type-page","status-publish","hentry"],"_links":{"self":[{"href":"http:\/\/archive.bankinformationcenter.org\/es\/wp-json\/wp\/v2\/pages\/14438","targetHints":{"allow":["GET"]}}],"collection":[{"href":"http:\/\/archive.bankinformationcenter.org\/es\/wp-json\/wp\/v2\/pages"}],"about":[{"href":"http:\/\/archive.bankinformationcenter.org\/es\/wp-json\/wp\/v2\/types\/page"}],"author":[{"embeddable":true,"href":"http:\/\/archive.bankinformationcenter.org\/es\/wp-json\/wp\/v2\/users\/54"}],"replies":[{"embeddable":true,"href":"http:\/\/archive.bankinformationcenter.org\/es\/wp-json\/wp\/v2\/comments?post=14438"}],"version-history":[{"count":0,"href":"http:\/\/archive.bankinformationcenter.org\/es\/wp-json\/wp\/v2\/pages\/14438\/revisions"}],"up":[{"embeddable":true,"href":"http:\/\/archive.bankinformationcenter.org\/es\/wp-json\/wp\/v2\/pages\/14411"}],"wp:attachment":[{"href":"http:\/\/archive.bankinformationcenter.org\/es\/wp-json\/wp\/v2\/media?parent=14438"}],"curies":[{"name":"wp","href":"https:\/\/api.w.org\/{rel}","templated":true}]}}