{"id":13518,"date":"2015-11-19T14:20:42","date_gmt":"2015-11-19T19:20:42","guid":{"rendered":"http:\/\/www.bankinformationcenter.org\/es\/?page_id=13518"},"modified":"2015-12-21T15:33:25","modified_gmt":"2015-12-21T20:33:25","slug":"divulgacion-dees-interesadas","status":"publish","type":"page","link":"http:\/\/archive.bankinformationcenter.org\/es\/nuestro-trabajo\/salvaguardas\/divulgacion-dees-interesadas\/","title":{"rendered":"Divulgaci\u00f3n de informaci\u00f3n y participaci\u00f3n de las partes interesadas"},"content":{"rendered":"<p><img loading=\"lazy\" decoding=\"async\" class=\"aligncenter wp-image-13302\" src=\"http:\/\/www.bankinformationcenter.org\/wp-content\/uploads\/2015\/10\/Roundtable-1024x402.jpg\" alt=\"Roundtable\" width=\"719\" height=\"282\" srcset=\"http:\/\/archive.bankinformationcenter.org\/wp-content\/uploads\/2015\/10\/Roundtable-1024x402.jpg 1024w, http:\/\/archive.bankinformationcenter.org\/wp-content\/uploads\/2015\/10\/Roundtable-300x118.jpg 300w, http:\/\/archive.bankinformationcenter.org\/wp-content\/uploads\/2015\/10\/Roundtable-900x353.jpg 900w\" sizes=\"auto, (max-width: 719px) 100vw, 719px\" \/><\/p>\n<p style=\"font-size: 11px; text-align: center;\">Reuni\u00f3n de Directores Ejecutivos y La Sociedad Civil, 2014 Reuniones de Primavera del Banco Mundial.<\/p>\n<p>La transparencia, la participaci\u00f3n, y la inclusi\u00f3n son aspectos esenciales del desarrollo. El Banco Mundial afirma adherirse a estos ideales, pero en la pr\u00e1ctica no ha conseguido asegurar que informaci\u00f3n accesible y oportunidades que faciliten la participaci\u00f3n sean provistas a todas las partes interesadas en sus proyectos de desarrollo.<\/p>\n<p>Si bien BIC valora la reciente propuesta de Est\u00e1ndares Ambientales y Sociales de Divulgaci\u00f3n de informaci\u00f3n y Participaci\u00f3n de las Partes Interesadas (ESS10), as\u00ed como otros esfuerzos dirigidos a mejorar la participaci\u00f3n e inclusi\u00f3n en a\u00f1os recientes realizados por el Banco, creemos que sus pol\u00edticas y pr\u00e1cticas en esta \u00e1rea podr\u00edan ser reforzadas. La participaci\u00f3n de las partes interesadas es un tema importante en todas las \u00e1reas tem\u00e1ticas de BIC as\u00ed como en nuestro trabajo regional. Abajo se encuentra m\u00e1s informaci\u00f3n sobre el trabajo de BIC en esta \u00e1rea \u2013 incluyendo modelos de pol\u00edtica de lenguaje y modelos de metodolog\u00edas para el trabajo con grupos vulnerables y marginalizados.<\/p>\n<p><img loading=\"lazy\" decoding=\"async\" class=\"aligncenter wp-image-13478\" src=\"http:\/\/www.bankinformationcenter.org\/wp-content\/uploads\/2015\/10\/IMG_2385.jpg\" alt=\"Community discussion on a World Bank Inspection Panel case in Egypt\" width=\"625\" height=\"297\" \/><\/p>\n<p style=\"font-size: 11px; text-align: center;\">Discusi\u00f3n comunitaria sobre una investigaci\u00f3n del Panel de Inspeccion del Banco Mundial en Egipto<\/p>\n<p>Las propias consultaciones de salvaguardas han exhibido problemas relacionados con el momento de divulgaci\u00f3n de los horarios y lugares de reuni\u00f3n, su apertura a la sociedad civil, y la calidad de la informaci\u00f3n proporcionada. Por ejemplo, los detalles espec\u00edficos de consulta se dan a menudo con muy poco tiempo y con poca claridad sobre qui\u00e9n puede participar y c\u00f3mo. Algunas consultas han sido s\u00f3lo por invitaci\u00f3n, sin criterios p\u00fablicos para los invitados. Si bien el Banco ha dado pasos para asegurar que las consultas sean accesibles e inclusivas, algunas consultas se mantienen en espacios que no son accesibles para las personas con discapacidad. El alcance geogr\u00e1fico de las consultas ha sido importante, pero no lo suficientemente adecuada para involucrar a los interesados que no pueden acceder las grandes ciudades.<\/p>\n<p>Si el Banco Mundial se toma en serio su compromiso con el desarrollo inclusivo y democr\u00e1tico, debe mejorar la divulgaci\u00f3n de la informaci\u00f3n y su pol\u00edtica de salvaguarda para la participaci\u00f3n de las partes interesadas.<\/p>\n<p>&nbsp;<\/p>\n<div class=\"mini_tabs_container\"><ul class=\"mini_tabs\"><li><a href=\"#\">Rese\u00f1a<\/a><\/li><li><a href=\"#\">Biblioteca<\/a><\/li><li><a href=\"#\">Contactos<\/a><\/li><\/ul><div class=\"panes\"><div class=\"pane\">Con los a\u00f1os, el Banco Mundial ha hecho mejoras innegables en la transparencia y la participaci\u00f3n, que en gran parte son el resultado de un di\u00e1logo constructivo entre la sociedad civil y el Banco. Por ejemplo, en 2010, el Banco aprob\u00f3 su Pol\u00edtica de Acceso a la Informaci\u00f3n, que codific\u00f3 el acceso a informaci\u00f3n vital para la sociedad civil y las comunidades afectadas en todo el mundo. La promoci\u00f3n sostenida de la sociedad civil en torno a estas cuestiones tambi\u00e9n se ha traducido en la reci\u00e9n propuesta pol\u00edtica de salvaguarda para la Participaci\u00f3n de las Partes Interesadas, que requerir\u00eda a los gobiernos prestatarios a comprometerse con las partes interesadas durante todo el ciclo del proyecto de inversi\u00f3n, en lugar de s\u00f3lo al principio.<\/p>\n<h4>\u00bfCu\u00e1les son los principales problemas con las actuales pol\u00edticas de divulgaci\u00f3n de la informaci\u00f3n y de participaci\u00f3n de las partes interesadas?<\/h4>\n<p>Las actuales pol\u00edticas de salvaguarda del Banco Mundial no establecen requisitos claros para la supervisi\u00f3n de proyectos, elaboraci\u00f3n de informes, el compromiso contra la corriente, la inclusi\u00f3n de partes interesadas, la oportuna divulgaci\u00f3n de informaci\u00f3n, o la accesibilidad de los mecanismos de reclamaci\u00f3n. Todos estos requisitos que rodean la transparencia y la participaci\u00f3n son esenciales para la capacidad de la sociedad civil a comprometerse con proyectos y pol\u00edticas del Banco Mundial.<\/p>\n<p>Por ejemplo, el momento de la divulgaci\u00f3n de informaci\u00f3n es clave para la capacidad de la sociedad civil para responder de manera significativa a los documentos publicados. Si la informaci\u00f3n no se revela hasta que un proyecto est\u00e1 en marcha, es poco probable que mejore la capacidad del p\u00fablico para comprometerse con su implementaci\u00f3n. Una temporizaci\u00f3n inadecuada puede hacer que la divulgaci\u00f3n de informaci\u00f3n in\u00fatil como una herramienta para la participaci\u00f3n y el compromiso.<\/p>\n<p>Adem\u00e1s, los prestatarios no est\u00e1n obligados actualmente a revelar (y mucho menos promover) la existencia del Panel de Inspecci\u00f3n del Banco Mundial. Esto hace que sea poco probable que las comunidades y organizaciones de la sociedad civil sepan c\u00f3mo expresar sus quejas y cambiar el curso de los proyectos del Banco Mundial.<\/p>\n<h4>\u00bfC\u00f3mo se puede mejorar la divulgaci\u00f3n de informaci\u00f3n y la participaci\u00f3n de las partes interesadas en el Banco Mundial?<\/h4>\n<p>BIC recomienda que las salvaguardas del Banco Mundial revisadas incluyan requisitos claros y concretos que mejoren y estandaricen la transparencia y la participaci\u00f3n. Los Est\u00e1ndares Ambientales y Sociales #10 en la Divulgaci\u00f3n de Informaci\u00f3n y Participaci\u00f3n de las Partes Interesados deben incluir:<\/p>\n<ul>\n<li>Requisitos claros de supervisi\u00f3n para gobiernos prestatarios.<\/li>\n<li>Requisitos bien definidos de presentaci\u00f3n de informes para gobiernos prestatarios<\/li>\n<li>Oportunidades para la participaci\u00f3n de grupos corriente arriba de las partes interesadas en las etapas iniciales durante el ciclo de proyecto.<\/li>\n<li>Inclusi\u00f3n de diversas partes interesadas en el proceso de participaci\u00f3n.<\/li>\n<li>Compromiso con la difusi\u00f3n e inclusi\u00f3n activa de los interesados.<\/li>\n<li>Divulgaci\u00f3n de informaci\u00f3n oportuna, accesible, y obligatoria.<\/li>\n<li>Promoci\u00f3n extensiva de concienciaci\u00f3n sobre los mecanismos de reclamo.<\/li>\n<li>Accesibilidad mejorada a los mecanismos de reclamo.<\/li>\n<\/ul><\/div><div class=\"pane\"><h4>Documentos de las Salvaguardas<\/h4>\n<a class=\"icon_text icon_tag pink\" href=\"http:\/\/www.bankinformationcenter.org\/wp-content\/uploads\/2015\/08\/Analisis-Preliminar-del-borrador-de-Salvaguardas_BIC_final1.pdf\" target=\"_blank\">Analisis preliminar del Nuevo Borrador del Marco Ambiental y Social del Banco Mundial<\/a> (BIC, agosto de 2015)<br \/>\n<a class=\"icon_text icon_tag pink\" href=\"http:\/\/www.bankinformationcenter.org\/wp-content\/uploads\/2013\/07\/Propuesta-de-Politica-Modelo-Politica-de-Salvaguarda-de-Evaluacion-y-Gestion-Ambiental-y-Social.pdf\" target=\"_blank\">Propuesta de Pol\u00edtica Modelo: Pol\u00edtica de Salvaguarda de Evaluaci\u00f3n y Gesti\u00f3n Ambiental y Social<\/a> (abril de 2013)<br \/>\n<a class=\"icon_text icon_link pink\" href=\"http:\/\/go.worldbank.org\/HJ4WRS7EY0\">P\u00e1gina web de las salvaguardas del Banco Mundial<\/a>\n<h4>Accesibilidad a Consultas<\/h4>\n<a class=\"icon_text icon_globe pink\" href=\"\/?page_id=9403\">Consultas juveniles realizadas por BIC<\/a> <br \/>\n<a class=\"icon_text icon_tag pink\" href=\"http:\/\/www.un.org\/esa\/socdev\/enable\/documents\/tccconvs.pdf\" target=\"_blank\">La Convenci\u00f3n de la ONU sobre los Derechos de las Personas con Discapacidad<\/a> <\/p>\n<h4>Divulgaci\u00f3n de informaci\u00f3n<\/h4>\n<a class=\"icon_text icon_tag pink\" href=\"http:\/\/www.bankinformationcenter.org\/wp-content\/uploads\/2013\/01\/GuiaISBN+4.pdf\" target=\"_blank\">Gu\u00eda Para Conocer la Pol\u00edtica de Acceso a la Informaci\u00f3n del Banco Mundial<\/a> <br \/>\n<a class=\"icon_text icon_link pink\" href=\"http:\/\/www.bankinformationcenter.org\/our-work\/wbtransparency\/\" target=\"_blank\">BIC P\u00e1gina web de Acceso a la Informaci\u00f3n<\/a> <br \/>\n<a class=\"icon_text icon_globe pink\" href=\"http:\/\/web.worldbank.org\/WBSITE\/EXTERNAL\/BANCOMUNDIAL\/PROJECTSSPA\/EXTINFDISCLOSPA\/0,,contentMDK:21829311~pagePK:64865365~piPK:64864641~theSitePK:7275130,00.html\" target=\"_blank\">Banco Mundial P\u00e1gina web de Acceso a la Informaci\u00f3n<\/a><\/div><div class=\"pane\"><p>&nbsp;<\/p>\n<span class=\"icon_text icon_user\"><strong>Jolie Schwarz<\/strong><\/span> <br \/>\n<em>Programa de Derechos del Ni\u00f1o <\/em><br \/>\n+1 (202) 624-0621<br \/>\n<a href=\"mailto:jschwarz@bicusa.org\">jschwarz@bicusa.org<\/a><\/p>\n<span class=\"icon_text icon_user\"><b>Amy Ekdawi<\/b>\u00a0<\/span> <br \/>\n<em>Gerente de Programas Regionales<\/em><br \/>\n+1 (202) 624-0620<br \/>\n<a href=\"mailto:aekdawi@bankinformationcenter.org\">aekdawi@bankinformationcenter.org<\/a><br \/><\/div><\/div><\/div>\n","protected":false},"excerpt":{"rendered":"<p>Reuni\u00f3n de Directores Ejecutivos y La Sociedad Civil, 2014 Reuniones de Primavera del Banco Mundial. La transparencia, la participaci\u00f3n, y la inclusi\u00f3n son aspectos esenciales del desarrollo. El Banco Mundial afirma adherirse a estos ideales, pero en la pr\u00e1ctica no ha conseguido asegurar que informaci\u00f3n accesible y oportunidades que faciliten la participaci\u00f3n sean provistas a &#8230;<\/p>\n","protected":false},"author":54,"featured_media":0,"parent":8318,"menu_order":1,"comment_status":"closed","ping_status":"closed","template":"","meta":{"footnotes":""},"class_list":["post-13518","page","type-page","status-publish","hentry"],"_links":{"self":[{"href":"http:\/\/archive.bankinformationcenter.org\/es\/wp-json\/wp\/v2\/pages\/13518","targetHints":{"allow":["GET"]}}],"collection":[{"href":"http:\/\/archive.bankinformationcenter.org\/es\/wp-json\/wp\/v2\/pages"}],"about":[{"href":"http:\/\/archive.bankinformationcenter.org\/es\/wp-json\/wp\/v2\/types\/page"}],"author":[{"embeddable":true,"href":"http:\/\/archive.bankinformationcenter.org\/es\/wp-json\/wp\/v2\/users\/54"}],"replies":[{"embeddable":true,"href":"http:\/\/archive.bankinformationcenter.org\/es\/wp-json\/wp\/v2\/comments?post=13518"}],"version-history":[{"count":0,"href":"http:\/\/archive.bankinformationcenter.org\/es\/wp-json\/wp\/v2\/pages\/13518\/revisions"}],"up":[{"embeddable":true,"href":"http:\/\/archive.bankinformationcenter.org\/es\/wp-json\/wp\/v2\/pages\/8318"}],"wp:attachment":[{"href":"http:\/\/archive.bankinformationcenter.org\/es\/wp-json\/wp\/v2\/media?parent=13518"}],"curies":[{"name":"wp","href":"https:\/\/api.w.org\/{rel}","templated":true}]}}